{"id":3911,"date":"2017-09-26T08:08:51","date_gmt":"2017-09-26T08:08:51","guid":{"rendered":"https:\/\/diagnosticselite.com\/who-we-are-2\/"},"modified":"2025-01-13T17:59:38","modified_gmt":"2025-01-13T14:59:38","slug":"qui-sommes-nous","status":"publish","type":"page","link":"https:\/\/diagnosticselite.com\/fr\/qui-sommes-nous\/","title":{"rendered":"Qui sommes-nous"},"content":{"rendered":"<p>[vc_row][vc_column][\/vc_column][\/vc_row][vc_row][vc_column][vc_custom_heading text=\u00a0\u00bbDIRECTION ET PERSONNEL CL\u00c9\u00a0\u00bb font_container=\u00a0\u00bbtag:h3|text_align:center\u00a0\u00bb use_theme_fonts=\u00a0\u00bbyes\u00a0\u00bb][\/vc_column][\/vc_row][vc_row][vc_column][vc_empty_space height=\u00a0\u00bb20px\u00a0\u00bb][vc_column_text]Diagnostics Elite est dirig\u00e9 par une \u00e9quipe de v\u00e9t\u00e9rans de l&rsquo;industrie poss\u00e9dant une expertise approfondie en radiologie et en gestion des soins de sant\u00e9[\/vc_column_text][vc_empty_space height=\u00a0\u00bb20px\u00a0\u00bb][vc_empty_space height=\u00a0\u00bb20px\u00a0\u00bb][vc_empty_space height=\u00a0\u00bb20px\u00a0\u00bb][\/vc_column][\/vc_row][vc_row][vc_column width=\u00a0\u00bb1\/3&Prime;][vc_column_text]<\/p>\n<p style=\"text-align: center;\"><img loading=\"lazy\" decoding=\"async\" class=\"size-medium wp-image-32625\" src=\"https:\/\/diagnosticselite.com\/wp-content\/uploads\/2025\/01\/5-300x300.png\" alt=\"\" width=\"300\" height=\"300\" srcset=\"https:\/\/diagnosticselite.com\/wp-content\/uploads\/2025\/01\/5-300x300.png 300w, https:\/\/diagnosticselite.com\/wp-content\/uploads\/2025\/01\/5-150x150.png 150w, https:\/\/diagnosticselite.com\/wp-content\/uploads\/2025\/01\/5-100x100.png 100w, https:\/\/diagnosticselite.com\/wp-content\/uploads\/2025\/01\/5.png 600w\" sizes=\"auto, (max-width: 300px) 100vw, 300px\" \/><\/p>\n<p style=\"text-align: center;\"><strong>Dr. Amr Ajlan<\/strong><\/p>\n<p style=\"text-align: center;\">Radiologue Consultant, Professeur Associ\u00e9 en Imagerie Cardiothoracique<\/p>\n<p>[\/vc_column_text][vc_empty_space height=\u00a0\u00bb30px\u00a0\u00bb][vc_empty_space height=\u00a0\u00bb20px\u00a0\u00bb][\/vc_column][vc_column width=\u00a0\u00bb1\/3&Prime;][vc_column_text]<\/p>\n<p style=\"text-align: center;\">\n<img loading=\"lazy\" decoding=\"async\" class=\"size-medium wp-image-32617 aligncenter\" src=\"https:\/\/diagnosticselite.com\/wp-content\/uploads\/2025\/01\/2-300x300.png\" alt=\"\" width=\"300\" height=\"300\" srcset=\"https:\/\/diagnosticselite.com\/wp-content\/uploads\/2025\/01\/2-300x300.png 300w, https:\/\/diagnosticselite.com\/wp-content\/uploads\/2025\/01\/2-150x150.png 150w, https:\/\/diagnosticselite.com\/wp-content\/uploads\/2025\/01\/2-100x100.png 100w, https:\/\/diagnosticselite.com\/wp-content\/uploads\/2025\/01\/2.png 600w\" sizes=\"auto, (max-width: 300px) 100vw, 300px\" \/><\/p>\n<p style=\"text-align: center;\"><strong>Dr. Ayman Eskandar<\/strong><\/p>\n<p style=\"text-align: center;\">Radiologue Consultant, Professeur Assistant en Imagerie Interventionnelle<\/p>\n<p>[\/vc_column_text][vc_empty_space height=\u00a0\u00bb20px\u00a0\u00bb][\/vc_column][vc_column width=\u00a0\u00bb1\/3&Prime;][vc_column_text]<\/p>\n<p style=\"text-align: center;\">\n<img loading=\"lazy\" decoding=\"async\" class=\"size-medium wp-image-32622 aligncenter\" src=\"https:\/\/diagnosticselite.com\/wp-content\/uploads\/2025\/01\/1-300x300.png\" alt=\"\" width=\"300\" height=\"300\" srcset=\"https:\/\/diagnosticselite.com\/wp-content\/uploads\/2025\/01\/1-300x300.png 300w, https:\/\/diagnosticselite.com\/wp-content\/uploads\/2025\/01\/1-150x150.png 150w, https:\/\/diagnosticselite.com\/wp-content\/uploads\/2025\/01\/1-100x100.png 100w, https:\/\/diagnosticselite.com\/wp-content\/uploads\/2025\/01\/1.png 600w\" sizes=\"auto, (max-width: 300px) 100vw, 300px\" \/><\/p>\n<p style=\"text-align: center;\"><strong>Dr. Ahmed Abduljabbar<\/strong><\/p>\n<p style=\"text-align: center;\">Radiologue Consultant, Professeur Associ\u00e9 en Imagerie Corporelle<\/p>\n<p>[\/vc_column_text][vc_empty_space height=\u00a0\u00bb20px\u00a0\u00bb][\/vc_column][vc_column][vc_empty_space height=\u00a0\u00bb30px\u00a0\u00bb][\/vc_column][\/vc_row][vc_row][vc_column width=\u00a0\u00bb1\/3&Prime;][vc_empty_space height=\u00a0\u00bb30px\u00a0\u00bb][vc_column_text]<\/p>\n<p style=\"text-align: center;\"><img loading=\"lazy\" decoding=\"async\" class=\"aligncenter wp-image-32630 size-medium\" src=\"https:\/\/diagnosticselite.com\/wp-content\/uploads\/2025\/01\/6-300x300.png\" alt=\"\" width=\"300\" height=\"300\" srcset=\"https:\/\/diagnosticselite.com\/wp-content\/uploads\/2025\/01\/6-300x300.png 300w, https:\/\/diagnosticselite.com\/wp-content\/uploads\/2025\/01\/6-150x150.png 150w, https:\/\/diagnosticselite.com\/wp-content\/uploads\/2025\/01\/6-100x100.png 100w, https:\/\/diagnosticselite.com\/wp-content\/uploads\/2025\/01\/6.png 600w\" sizes=\"auto, (max-width: 300px) 100vw, 300px\" \/><\/p>\n<p style=\"text-align: center;\"><strong>Dr. Turki Alhazmi<\/strong><\/p>\n<p style=\"text-align: center;\">Radiologue Consultant, Professeur Assistant en Imagerie Interventionnelle et IRM<\/p>\n<p>[\/vc_column_text][\/vc_column][vc_column width=\u00a0\u00bb1\/3&Prime;][vc_empty_space height=\u00a0\u00bb30px\u00a0\u00bb][vc_column_text]<\/p>\n<p style=\"text-align: center;\"><img loading=\"lazy\" decoding=\"async\" class=\"size-medium wp-image-32633 aligncenter\" src=\"https:\/\/diagnosticselite.com\/wp-content\/uploads\/2025\/01\/4-300x300.png\" alt=\"\" width=\"300\" height=\"300\" srcset=\"https:\/\/diagnosticselite.com\/wp-content\/uploads\/2025\/01\/4-300x300.png 300w, https:\/\/diagnosticselite.com\/wp-content\/uploads\/2025\/01\/4-150x150.png 150w, https:\/\/diagnosticselite.com\/wp-content\/uploads\/2025\/01\/4-100x100.png 100w, https:\/\/diagnosticselite.com\/wp-content\/uploads\/2025\/01\/4.png 600w\" sizes=\"auto, (max-width: 300px) 100vw, 300px\" \/><\/p>\n<p style=\"text-align: center;\"><strong>Dr. Khalid Khashoggi<\/strong><\/p>\n<p style=\"text-align: center;\">Radiologue Consultant, Professeur Associ\u00e9 en Imagerie Musculosquelettique<\/p>\n<p>[\/vc_column_text][\/vc_column][vc_column width=\u00a0\u00bb1\/3&Prime;][vc_empty_space height=\u00a0\u00bb30px\u00a0\u00bb][vc_column_text]<\/p>\n<p style=\"text-align: center;\">\n<img loading=\"lazy\" decoding=\"async\" class=\"size-medium wp-image-32636 aligncenter\" src=\"https:\/\/diagnosticselite.com\/wp-content\/uploads\/2025\/01\/3-300x300.png\" alt=\"\" width=\"300\" height=\"300\" srcset=\"https:\/\/diagnosticselite.com\/wp-content\/uploads\/2025\/01\/3-300x300.png 300w, https:\/\/diagnosticselite.com\/wp-content\/uploads\/2025\/01\/3-150x150.png 150w, https:\/\/diagnosticselite.com\/wp-content\/uploads\/2025\/01\/3-100x100.png 100w, https:\/\/diagnosticselite.com\/wp-content\/uploads\/2025\/01\/3.png 600w\" sizes=\"auto, (max-width: 300px) 100vw, 300px\" \/><\/p>\n<p style=\"text-align: center;\"><strong>Dr. Mohammad Wazzan<\/strong><\/p>\n<p style=\"text-align: center;\">Radiologue Consultant, Professeur Associ\u00e9 en Imagerie Corporelle<\/p>\n<p>[\/vc_column_text][\/vc_column][vc_column][vc_empty_space height=\u00a0\u00bb20px\u00a0\u00bb][vc_empty_space height=\u00a0\u00bb30px\u00a0\u00bb][\/vc_column][\/vc_row][vc_row el_class=\u00a0\u00bbmarginMinusMobile\u00a0\u00bb][vc_column width=\u00a0\u00bb2\/3&Prime;]\n\t\t\t<!-- START about French REVOLUTION SLIDER 6.5.12 --><p class=\"rs-p-wp-fix\"><\/p>\n\t\t\t<rs-module-wrap id=\"rev_slider_4_1_wrapper\" data-source=\"gallery\" style=\"visibility:hidden;background:transparent;padding:0;margin:0px auto;margin-top:0;margin-bottom:0;\">\n\t\t\t\t<rs-module id=\"rev_slider_4_1\" style=\"\" data-version=\"6.5.12\">\n\t\t\t\t\t<rs-slides>\n\t\t\t\t\t\t<rs-slide style=\"position: absolute;\" data-key=\"rs-8\" data- data-anim=\"ms:600;\" data-in=\"o:0;\" data-out=\"a:false;\">\n\t\t\t\t\t\t\t<img loading=\"lazy\" decoding=\"async\" src=\"\/\/diagnosticselite.com\/wp-content\/plugins\/revslider\/public\/assets\/assets\/dummy.png\" alt=\"\"  width=\"1680\" height=\"750\" class=\"rev-slidebg tp-rs-img rs-lazyload\" data-lazyload=\"\/\/diagnosticselite.com\/wp-content\/uploads\/2022\/12\/diagnostics-elite-about-main-banner.jpg\" data-no-retina>\n<!--\n\t\t\t\t\t\t\t--><rs-layer\n\t\t\t\t\t\t\t\tid=\"slider-4-slide-8-layer-1\" \n\t\t\t\t\t\t\t\tdata-type=\"text\"\n\t\t\t\t\t\t\t\tdata-color=\"#8d8ea3\"\n\t\t\t\t\t\t\t\tdata-rsp_ch=\"on\"\n\t\t\t\t\t\t\t\tdata-xy=\"x:70px;y:c;\"\n\t\t\t\t\t\t\t\tdata-text=\"s:48;l:55;fw:200;a:inherit;\"\n\t\t\t\t\t\t\t\tdata-frame_0=\"o:1;\"\n\t\t\t\t\t\t\t\tdata-frame_0_sfx=\"se:blocktoright;\"\n\t\t\t\t\t\t\t\tdata-frame_1=\"e:power4.inOut;sp:2000;\"\n\t\t\t\t\t\t\t\tdata-frame_1_sfx=\"se:blocktoright;\"\n\t\t\t\t\t\t\t\tdata-frame_999=\"o:0;st:w;sR:7000;\"\n\t\t\t\t\t\t\t\tstyle=\"z-index:5;font-family:'Poppins';text-transform:uppercase;\"\n\t\t\t\t\t\t\t>NOUS TRAVAILLONS <br>AVEC VOUS POUR<br> R\u00c9PONDRE AU MIEUX<br> \u00c0 VOS BESOINS \n\t\t\t\t\t\t\t<\/rs-layer><!--\n-->\t\t\t\t\t\t<\/rs-slide>\n\t\t\t\t\t<\/rs-slides>\n\t\t\t\t<\/rs-module>\n\t\t\t\t<script>\n\t\t\t\t\tsetREVStartSize({c: 'rev_slider_4_1',rl:[1240,1024,778,480],el:[557.998],gw:[1170],gh:[558],type:'standard',justify:'',layout:'fullwidth',mh:\"0\"});if (window.RS_MODULES!==undefined && window.RS_MODULES.modules!==undefined && window.RS_MODULES.modules[\"revslider41\"]!==undefined) {window.RS_MODULES.modules[\"revslider41\"].once = false;window.revapi4 = undefined;if (window.RS_MODULES.checkMinimal!==undefined) window.RS_MODULES.checkMinimal()}\n\t\t\t\t<\/script>\n\t\t\t<\/rs-module-wrap>\n\t\t\t<!-- END REVOLUTION SLIDER -->\n[\/vc_column][vc_column width=\u00a0\u00bb1\/3&Prime;]\n<!-- BEGIN .imagebox -->\n<div class=\"imagebox style2 \">\n\t\n\t\t<div class=\"box-header\">\n\t\t\t<h3 class=\"box-title\">\n\t\t\t\t<a href=\"\" target=\"_self\">\n\t\t\t\t\tNotre expertise\t\t\t\t<\/a>\n\t\t\t<\/h3>\n\n\t\t\t\t\t\t\t<span class=\"box-subtitle\">\n\t\t\t\t\tNos groupes de radiologues experts couvrent l\u2019ensemble des sp\u00e9cialit\u00e9s radiologiques\t\t\t\t<\/span>\n\t\t\t\t\t<\/div>\n\n\t\t<div class=\"box-content\"><\/div>\n\n\t\t<div class=\"box-image\">\n\t\t\t<a href=\"\" target=\"_self\">\n\t\t\t\t\n\t\t\t\t<img loading=\"lazy\" decoding=\"async\" class=\"\" src=\"https:\/\/diagnosticselite.com\/wp-content\/uploads\/2022\/12\/radiography-reports.jpg\" width=\"350\" height=\"500\" alt=\"radiography-reports\"  \/>\t\t\t<\/a>\n\t\t<\/div>\n\t<\/div>\n<!-- End .imagebox -->\n[vc_empty_space height=\u00a0\u00bb25px\u00a0\u00bb]\n<!-- BEGIN .imagebox -->\n<div class=\"imagebox style2 \">\n\t\n\t\t<div class=\"box-header\">\n\t\t\t<h3 class=\"box-title\">\n\t\t\t\t<a href=\"\" target=\"_self\">\n\t\t\t\t\tNos standards\t\t\t\t<\/a>\n\t\t\t<\/h3>\n\n\t\t\t\t\t\t\t<span class=\"box-subtitle\">\n\t\t\t\t\tProtocoles standardis\u00e9s de haute qualit\u00e9 et en ad\u00e9quation avec les recommandations internationales\t\t\t\t<\/span>\n\t\t\t\t\t<\/div>\n\n\t\t<div class=\"box-content\"><\/div>\n\n\t\t<div class=\"box-image\">\n\t\t\t<a href=\"\" target=\"_self\">\n\t\t\t\t\n\t\t\t\t<img loading=\"lazy\" decoding=\"async\" class=\"\" src=\"https:\/\/diagnosticselite.com\/wp-content\/uploads\/2022\/12\/diagnostics-elite-radiology-standards.jpg\" width=\"350\" height=\"500\" alt=\"diagnostics-elite-radiology-standards\"  \/>\t\t\t<\/a>\n\t\t<\/div>\n\t<\/div>\n<!-- End .imagebox -->\n[vc_empty_space height=\u00a0\u00bb30px\u00a0\u00bb][\/vc_column][\/vc_row][vc_row][vc_column][\/vc_column][\/vc_row][vc_row][vc_column][vc_empty_space height=\u00a0\u00bb40px\u00a0\u00bb][vc_custom_heading text=\u00a0\u00bbPREMI\u00c8RE ENTREPRISE DE T\u00c9L\u00c9RADIOLOGIE LOCALE AUTORIS\u00c9E DANS LA R\u00c9GION\u00a0\u00bb font_container=\u00a0\u00bbtag:h3|text_align:center\u00a0\u00bb use_theme_fonts=\u00a0\u00bbyes\u00a0\u00bb][vc_empty_space height=\u00a0\u00bb20px\u00a0\u00bb][vc_row_inner gap=\u00a0\u00bb35&Prime;][vc_column_inner width=\u00a0\u00bb1\/2&Prime;][vc_column_text]<\/p>\n<p style=\"text-align: justify;\">Diagnostics Elite est une entreprise locale pionni\u00e8re, ancr\u00e9e dans les valeurs du soin et ayant 6 ans d\u2019exp\u00e9rience dans le domaine.<\/p>\n<p style=\"text-align: justify;\">Anticipant l\u2019int\u00e9r\u00eat et la valeur des usages du num\u00e9rique en sant\u00e9, nous sommes aujourd\u2019hui en t\u00eate du secteur de la t\u00e9l\u00e9radiologie.<\/p>\n<p>[\/vc_column_text][vc_empty_space height=\u00a0\u00bb20px\u00a0\u00bb el_class=\u00a0\u00bbnoHeightMobile\u00a0\u00bb][\/vc_column_inner][vc_column_inner width=\u00a0\u00bb1\/2&Prime;][vc_column_text]<\/p>\n<p style=\"text-align: justify;\">Une relation de confiance s\u2019est \u00e9tablie avec une large communaut\u00e9 de m\u00e9decins experts et d&rsquo;\u00e9tablissements de sant\u00e9 et de soins, sur tout le territoire national.<\/p>\n<p style=\"text-align: justify;\">Ce d\u00e9ploiement dynamique s\u2019appuie sur notre double expertise: nos outils num\u00e9riques innovants et notre approche m\u00e9dico-organisationnelle qualitative.<\/p>\n<p>[\/vc_column_text][vc_empty_space height=\u00a0\u00bb20px\u00a0\u00bb][\/vc_column_inner][\/vc_row_inner][vc_empty_space height=\u00a0\u00bb40px\u00a0\u00bb][\/vc_column][\/vc_row][vc_row full_width=\u00a0\u00bbstretch_row\u00a0\u00bb css=\u00a0\u00bb.vc_custom_1670970651309{padding-top: 80px !important;padding-bottom: 40px !important;background: #004b6a url(https:\/\/diagnosticselite.com\/wp-content\/uploads\/2022\/12\/diagnostics-elite-mission-vision-back.png?id=3697) !important;background-position: center !important;background-repeat: no-repeat !important;background-size: cover !important;}\u00a0\u00bb][vc_column][vc_row_inner][vc_column_inner width=\u00a0\u00bb1\/12&Prime;][\/vc_column_inner][vc_column_inner width=\u00a0\u00bb5\/6&Prime;][vc_custom_heading text=\u00a0\u00bbMission et valeurs\u00a0\u00bb font_container=\u00a0\u00bbtag:h2|text_align:center|color:%23ffffff\u00a0\u00bb use_theme_fonts=\u00a0\u00bbyes\u00a0\u00bb][\/vc_column_inner][vc_column_inner width=\u00a0\u00bb1\/12&Prime;][\/vc_column_inner][\/vc_row_inner][vc_empty_space height=\u00a0\u00bb30px\u00a0\u00bb el_class=\u00a0\u00bbnoHeightMobile\u00a0\u00bb][vc_row_inner content_placement=\u00a0\u00bbmiddle\u00a0\u00bb gap=\u00a0\u00bb30&Prime; el_class=\u00a0\u00bbnoLeftPadding\u00a0\u00bb][vc_column_inner width=\u00a0\u00bb1\/2&Prime;]<ul class=\"iconlist iconlist iconlist-icon-small \"><li ><div class=\"iconlist-item-icon\"><span class=\"shapes\"><\/span><\/div><div class=\"iconlist-item-content\"><span style=\"color: #ffffff\">Aujourd\u2019hui nous ouvrons la voie de l\u2019avenir gr\u00e2ce \u00e0 nos \u00e9quipes expertes o\u00f9 des radiologues et des techniciens professionnels travaillent en duos compl\u00e9mentaires essentiels.<\/span><\/div><\/li><li ><div class=\"iconlist-item-icon\"><span class=\"shapes\"><\/span><\/div><div class=\"iconlist-item-content\"><span style=\"color: #ffffff\">Notre vision de l\u2019avenir est claire, sinc\u00e8re, contemporaine. Elle transcende les m\u00e9tiers et les organisations pour faire avancer la sant\u00e9 aupr\u00e8s de notre communaut\u00e9.<\/span><\/div><\/li><li ><div class=\"iconlist-item-icon\"><img decoding=\"async\" src=\"https:\/\/diagnosticselite.com\/wp-content\/uploads\/2022\/12\/custom-image.png\" alt=\"custom-image\" \/><span class=\"shapes\"><\/span><\/div><div class=\"iconlist-item-content\"><span style=\"color: #ffffff\">Nos valeurs sont issues du monde m\u00e9dical. Elles allient l\u2019humanisme \u00e0 la rigueur du soin et \u00e0 une volont\u00e9 d\u2019anticipation \u00e0 l\u2019\u00e9coute de chaque acteur du secteur.<\/span><\/div><\/li><\/ul>[vc_empty_space height=\u00a0\u00bb20px\u00a0\u00bb el_class=\u00a0\u00bbnoHeightMobile\u00a0\u00bb][\/vc_column_inner][vc_column_inner width=\u00a0\u00bb1\/2&Prime;][vc_single_image image=\u00a0\u00bb3481&Prime; img_size=\u00a0\u00bbfull\u00a0\u00bb][vc_empty_space height=\u00a0\u00bb20px\u00a0\u00bb][\/vc_column_inner][\/vc_row_inner][\/vc_column][\/vc_row][vc_row][vc_column][vc_empty_space height=\u00a0\u00bb40px\u00a0\u00bb][vc_row_inner el_class=\u00a0\u00bbweAreH4&Prime;][vc_column_inner width=\u00a0\u00bb1\/3&Prime;][vc_column_text]<\/p>\n<h4>Travail collaboratif<\/h4>\n<p style=\"text-align: justify;\">Nos radiologues sont en connexion permanente les uns avec les autres, leur permettant des \u00e9changes de dossiers afin de pallier aux variations d\u2019activit\u00e9 quelque soient les circonstances.<\/p>\n<p>[\/vc_column_text][vc_empty_space height=\u00a0\u00bb20px\u00a0\u00bb][\/vc_column_inner][vc_column_inner width=\u00a0\u00bb1\/3&Prime;][vc_column_text]<\/p>\n<h4>Relecture<\/h4>\n<p style=\"text-align: justify;\">Notre experts relisent activement des compte rendus, s\u00e9lectionn\u00e9s sur l\u2019ensemble de l\u2019activit\u00e9 pour un monitoring en temps r\u00e9el de la qualit\u00e9 de production de nos rapports d\u2019imagerie.[\/vc_column_text][vc_empty_space height=\u00a0\u00bb20px\u00a0\u00bb][\/vc_column_inner][vc_column_inner width=\u00a0\u00bb1\/3&Prime;][vc_column_text]<\/p>\n<h4>Innovation<\/h4>\n<p>Nous anticipons efficacement les enjeux majeurs des professionnels de sant\u00e9 et cr\u00e9ons des solutions digitales et des services de proximit\u00e9 efficaces et innovants.[\/vc_column_text][vc_empty_space height=\u00a0\u00bb20px\u00a0\u00bb][\/vc_column_inner][\/vc_row_inner][vc_empty_space height=\u00a0\u00bb80px\u00a0\u00bb el_class=\u00a0\u00bbnoHeightMobile\u00a0\u00bb][\/vc_column][\/vc_row][vc_row][vc_column][vc_empty_space][vc_custom_heading text=\u00a0\u00bbpour consulter le profil de notre entreprise, veuillez cliquer ici\u00a0\u00bb font_container=\u00a0\u00bbtag:h3|text_align:center\u00a0\u00bb use_theme_fonts=\u00a0\u00bbyes\u00a0\u00bb][vc_icon icon_fontawesome=\u00a0\u00bbfas fa-download\u00a0\u00bb align=\u00a0\u00bbcenter\u00a0\u00bb link=\u00a0\u00bburl:https%3A%2F%2Fdiagnosticselite.com%2Fdownload%2F32641%2F%3Ftmstv%3D1736724871|title:pour%20consulter%20le%20profil%20de%20notre%20entreprise%2C%20veuillez%20cliquer%20ici\u00a0\u00bb][vc_empty_space height=\u00a0\u00bb80px\u00a0\u00bb el_class=\u00a0\u00bbnoHeightMobile\u00a0\u00bb][\/vc_column][\/vc_row]<\/p>\n","protected":false},"excerpt":{"rendered":"<p>[vc_row][vc_column][\/vc_column][\/vc_row][vc_row][vc_column][vc_custom_heading text=\u00a0\u00bbDIRECTION ET PERSONNEL CL\u00c9\u00a0\u00bb font_container=\u00a0\u00bbtag:h3|text_align:center\u00a0\u00bb use_theme_fonts=\u00a0\u00bbyes\u00a0\u00bb][\/vc_column][\/vc_row][vc_row][vc_column][vc_empty_space height=\u00a0\u00bb20px\u00a0\u00bb][vc_column_text]Diagnostics Elite est dirig\u00e9 par une \u00e9quipe de v\u00e9t\u00e9rans de l&rsquo;industrie poss\u00e9dant une expertise approfondie en radiologie et en gestion des soins de sant\u00e9[\/vc_column_text][vc_empty_space height=\u00a0\u00bb20px\u00a0\u00bb][vc_empty_space height=\u00a0\u00bb20px\u00a0\u00bb][vc_empty_space height=\u00a0\u00bb20px\u00a0\u00bb][\/vc_column][\/vc_row][vc_row][vc_column width=\u00a0\u00bb1\/3&Prime;][vc_column_text] Dr. Amr Ajlan Radiologue Consultant, Professeur Associ\u00e9 en Imagerie Cardiothoracique [\/vc_column_text][vc_empty_space height=\u00a0\u00bb30px\u00a0\u00bb][vc_empty_space height=\u00a0\u00bb20px\u00a0\u00bb][\/vc_column][vc_column width=\u00a0\u00bb1\/3&Prime;][vc_column_text] Dr. Ayman Eskandar Radiologue Consultant, Professeur [&hellip;]<\/p>\n","protected":false},"author":5,"featured_media":0,"parent":0,"menu_order":0,"comment_status":"closed","ping_status":"open","template":"","meta":{"_joinchat":[],"footnotes":""},"class_list":["post-3911","page","type-page","status-publish","hentry"],"_links":{"self":[{"href":"https:\/\/diagnosticselite.com\/fr\/wp-json\/wp\/v2\/pages\/3911","targetHints":{"allow":["GET"]}}],"collection":[{"href":"https:\/\/diagnosticselite.com\/fr\/wp-json\/wp\/v2\/pages"}],"about":[{"href":"https:\/\/diagnosticselite.com\/fr\/wp-json\/wp\/v2\/types\/page"}],"author":[{"embeddable":true,"href":"https:\/\/diagnosticselite.com\/fr\/wp-json\/wp\/v2\/users\/5"}],"replies":[{"embeddable":true,"href":"https:\/\/diagnosticselite.com\/fr\/wp-json\/wp\/v2\/comments?post=3911"}],"version-history":[{"count":21,"href":"https:\/\/diagnosticselite.com\/fr\/wp-json\/wp\/v2\/pages\/3911\/revisions"}],"predecessor-version":[{"id":32766,"href":"https:\/\/diagnosticselite.com\/fr\/wp-json\/wp\/v2\/pages\/3911\/revisions\/32766"}],"wp:attachment":[{"href":"https:\/\/diagnosticselite.com\/fr\/wp-json\/wp\/v2\/media?parent=3911"}],"curies":[{"name":"wp","href":"https:\/\/api.w.org\/{rel}","templated":true}]}}