{"id":3907,"date":"2017-09-26T08:08:51","date_gmt":"2017-09-26T08:08:51","guid":{"rendered":"https:\/\/diagnosticselite.com\/vision-2030-2\/"},"modified":"2023-10-09T23:56:36","modified_gmt":"2023-10-09T23:56:36","slug":"vision-2030-2","status":"publish","type":"page","link":"https:\/\/diagnosticselite.com\/fr\/vision-2030-2\/","title":{"rendered":"Vision 2030"},"content":{"rendered":"<p>[vc_row][vc_column][vc_empty_space height=\u00a0\u00bb40px\u00a0\u00bb el_class=\u00a0\u00bbnoHeightMobile\u00a0\u00bb][vc_custom_heading text=\u00a0\u00bbNOUS CONTRIBUONS FI\u00c8REMENT \u00c0 LA CONSTRUCTION D\u2019UN MEILLEUR AVENIR POUR NOTRE PAYS\u00a0\u00bb font_container=\u00a0\u00bbtag:h2|text_align:center\u00a0\u00bb use_theme_fonts=\u00a0\u00bbyes\u00a0\u00bb el_class=\u00a0\u00bbvision\u00a0\u00bb][vc_empty_space height=\u00a0\u00bb20px\u00a0\u00bb][vc_row_inner gap=\u00a0\u00bb35&Prime;][vc_column_inner width=\u00a0\u00bb1\/2&Prime;][vc_column_text]<\/p>\n<p style=\"text-align: justify;\">Pour construire un meilleur avenir pour notre pays, nous avons align\u00e9 nos services sur la vision 2030 du Royaume d&rsquo;Arabie Saoudite, en nous appuyant sur des solutions qui repr\u00e9sentent nos avantages concurrentiels uniques.<\/p>\n<p style=\"text-align: justify;\">Notre r\u00f4le dans l&rsquo;enseignement de la t\u00e9l\u00e9radiologie nous permettra de mettre en \u0153uvre davantage des programmes de proximit\u00e9 qui garantiront des servicess de meilleure qualit\u00e9 \u00e0 une base plus large de patients.<\/p>\n<p>[\/vc_column_text][vc_empty_space height=\u00a0\u00bb20px\u00a0\u00bb el_class=\u00a0\u00bbnoHeightMobile\u00a0\u00bb][\/vc_column_inner][vc_column_inner width=\u00a0\u00bb1\/2&Prime;][vc_column_text]<\/p>\n<p style=\"text-align: justify;\">Nous nous concentrons sur le principe de soins bas\u00e9s sur la valeur et la satisfaction des b\u00e9n\u00e9ficiaires en proposant des services de sant\u00e9 en ligne et des solutions num\u00e9riques bas\u00e9s sur des normes internationales de mani\u00e8re rentable afin d&rsquo;am\u00e9liorer l&rsquo;acc\u00e8s \u00e0 nos offres par une couverture optimale et une distribution g\u00e9ographique \u00e9quitable qui fonctionne sur le long terme.<\/p>\n<p>[\/vc_column_text][vc_empty_space height=\u00a0\u00bb20px\u00a0\u00bb][\/vc_column_inner][\/vc_row_inner][\/vc_column][\/vc_row][vc_row content_placement=\u00a0\u00bbmiddle\u00a0\u00bb][vc_column][vc_empty_space height=\u00a0\u00bb40px\u00a0\u00bb][\/vc_column][\/vc_row][vc_row full_width=\u00a0\u00bbstretch_row\u00a0\u00bb css=\u00a0\u00bb.vc_custom_1670888453446{padding-top: 80px !important;padding-bottom: 210px !important;background: #044a6c url(https:\/\/diagnosticselite.com\/wp-content\/uploads\/2022\/12\/vision-2030-background.png?id=3447) !important;background-position: center !important;background-repeat: no-repeat !important;background-size: cover !important;}\u00a0\u00bb][vc_column][vc_row_inner][vc_column_inner width=\u00a0\u00bb1\/2&Prime;][vc_empty_space height=\u00a0\u00bb30px\u00a0\u00bb el_class=\u00a0\u00bbnoHeightMobile\u00a0\u00bb][vc_custom_heading text=\u00a0\u00bbUN PROJET UNIQUE DE R\u00c9FORME \u00c9CONOMIQUE ET SOCIALE TRANSFORMATRICE\u00a0\u00bb font_container=\u00a0\u00bbtag:h3|text_align:left|color:%23ffffff\u00a0\u00bb use_theme_fonts=\u00a0\u00bbyes\u00a0\u00bb][vc_empty_space height=\u00a0\u00bb20px\u00a0\u00bb][\/vc_column_inner][vc_column_inner width=\u00a0\u00bb1\/2&Prime;][vc_column_text]<\/p>\n<p style=\"text-align: justify;\"><span style=\"color: #ffffff;\">La Vision 2030 s&rsquo;articule autour de trois th\u00e8mes principaux : Une soci\u00e9t\u00e9 dynamique, une \u00e9conomie florissante et une nation ambitieuse. Elle d\u00e9finit les orientations, les objectifs et les engagements que l&rsquo;Arabie saoudite cherche \u00e0 r\u00e9aliser \u00e0 diff\u00e9rents niveaux.<\/span><\/p>\n<p>[\/vc_column_text][vc_column_text]<\/p>\n<div class=\"vc_row wpb_row vc_inner vc_row-fluid vc_row-o-content-middle vc_row-flex\">\n<div class=\"wpb_column vc_column_container vc_col-sm-4\">\n<div class=\"vc_column-inner\">\n<div class=\"wpb_wrapper\">\n<div class=\"vc_empty_space\" style=\"height: 30px;\"><\/div>\n<div class=\"wpb_text_column wpb_content_element \">\n<div class=\"wpb_wrapper\"><a id=\"69e8c74565290\" rel=\"wp-video-lightbox\" href=\"https:\/\/www.youtube.com\/watch?v=50JwGq2ubb4&#038;width=640&#038;height=480\" ><img decoding=\"async\" src=\"https:\/\/diagnosticselite.com\/wp-content\/uploads\/2022\/12\/ksa-vision-2030-visual.jpg\" class=\"video_lightbox_anchor_image\" alt=\"Vision 2030\" \/><\/a>    <script>\n    \/* <![CDATA[ *\/\n    jQuery(document).ready(function($){\n        $(function(){\n            var width = $(window).innerWidth();\n            var setwidth = 640;\n            var ratio = 0.75;\n            var height = 480;\n            var link = 'https:\/\/www.youtube.com\/watch?v=50JwGq2ubb4&width=640&height=480';\n            if(width < setwidth)\n            {\n                height = Math.floor(width * 0.75);\n                \/\/console.log(\"device width \"+width+\", set width \"+640+\", ratio \"+0.75+\", new height \"+ height);\n                var new_url = wpvl_paramReplace('width', link, width);\n                var new_url = wpvl_paramReplace('height', new_url, height);\n                $(\"a#69e8c74565290\").attr('href', new_url);\n                \/\/console.log(new_url);\n            }\n        });\n    });\n    \/* ]]> *\/\n    <\/script><\/div>\n<\/div>\n<\/div>\n<\/div>\n<\/div>\n<div class=\"wpb_column vc_column_container vc_col-sm-8\">\n<div class=\"vc_column-inner\">\n<div class=\"wpb_wrapper\">\n<div class=\"vc_empty_space\" style=\"height: 30px;\"><\/div>\n<div class=\"wpb_text_column wpb_content_element \">\n<div class=\"wpb_wrapper\">\n<p><a class=\"button no-bg dark\" href=\"#\">Visitez le site officiel de Vision 2030<\/a><\/p>\n<\/div>\n<\/div>\n<\/div>\n<\/div>\n<\/div>\n<\/div>\n<p>[\/vc_column_text][\/vc_column_inner][\/vc_row_inner][\/vc_column][\/vc_row][vc_row css=\u00a0\u00bb.vc_custom_1670858039899{margin-top: -160px !important;}\u00a0\u00bb][vc_column width=\u00a0\u00bb1\/4&Prime;]<div class=\"iconbox aligncenter  vc_custom_1673861330578\">\n\t<div class=\"box-header\">\n\t\t\n\t\t<h4 class=\"box-title\">TRANSFORMATION DU SECTEUR DE LA SANT\u00c9<\/h4>\n\t<\/div>\n\t<div class=\"box-content\">\n\t\t<div class=\"box-detail\">\n\t\t\t<p>Restructurer le secteur de la sant\u00e9 en Arabie saoudite pour en faire un syst\u00e8me de sant\u00e9 complet, efficace et int\u00e9gr\u00e9, fond\u00e9 sur la sant\u00e9 de l&rsquo;individu et de la soci\u00e9t\u00e9.<\/p>\n\n\t\t\t\n\t\t<\/div>\n\t<\/div>\n<\/div>[\/vc_column][vc_column width=\u00a0\u00bb1\/4&Prime;]<div class=\"iconbox aligncenter  vc_custom_1673861367601\">\n\t<div class=\"box-header\">\n\t\t\n\t\t<h4 class=\"box-title\">TRANSFORMATION NATIONALE<\/h4>\n\t<\/div>\n\t<div class=\"box-content\">\n\t\t<div class=\"box-detail\">\n\t\t\t<p>D\u00e9velopper l&rsquo;infrastructure n\u00e9cessaire pour am\u00e9liorer les facteurs \u00e9conomiques et cr\u00e9er un environnement qui permette aux secteurs public, priv\u00e9 et \u00e0 but non lucratif de se d\u00e9velopper.<\/p>\n\n\t\t\t\n\t\t<\/div>\n\t<\/div>\n<\/div>[\/vc_column][vc_column width=\u00a0\u00bb1\/4&Prime;]<div class=\"iconbox aligncenter  vc_custom_1696895791885\">\n\t<div class=\"box-header\">\n\t\t\n\t\t<h4 class=\"box-title\">D\u00c9VELOPPEMENT DES CAPACIT\u00c9S HUMAINES<\/h4>\n\t<\/div>\n\t<div class=\"box-content\">\n\t\t<div class=\"box-detail\">\n\t\t\t<p>S&rsquo;assurer que les citoyens saoudiens ont les capacit\u00e9s requises pour \u00eatre comp\u00e9titifs au niveau mondial en d\u00e9veloppant les comp\u00e9tences de base et futures.<\/p>\n\n\t\t\t\n\t\t<\/div>\n\t<\/div>\n<\/div>[\/vc_column][vc_column width=\u00a0\u00bb1\/4&Prime;]<div class=\"iconbox aligncenter  vc_custom_1696895724678\">\n\t<div class=\"box-header\">\n\t\t\n\t\t<h4 class=\"box-title\">PROGRAMME DE QUALIT\u00c9 DE VIE<\/h4>\n\t<\/div>\n\t<div class=\"box-content\">\n\t\t<div class=\"box-detail\">\n\t\t\t<p>Am\u00e9liorer la qualit\u00e9 de vie des individus et des familles en cr\u00e9ant l&rsquo;environnement n\u00e9cessaire pour d\u00e9velopper et soutenir de nouvelles options de vie et de style de vie en Arabie Saoudite.<\/p>\n\n\t\t\t\n\t\t<\/div>\n\t<\/div>\n<\/div>[\/vc_column][\/vc_row][vc_row][vc_column][vc_empty_space height=\u00a0\u00bb60px\u00a0\u00bb][vc_custom_heading text=\u00a0\u00bbTOUTES LES HISTOIRES DE R\u00c9USSITE COMMENCENT PAR UNE TRANSFORMATION\u00a0\u00bb font_container=\u00a0\u00bbtag:h3|text_align:center\u00a0\u00bb use_theme_fonts=\u00a0\u00bbyes\u00a0\u00bb][vc_empty_space height=\u00a0\u00bb60px\u00a0\u00bb][vc_row_inner][vc_column_inner width=\u00a0\u00bb1\/2&Prime;][vc_toggle title=\u00a0\u00bbUne vision durable\u00a0\u00bb]<\/p>\n<p style=\"text-align: justify;\">Le Royaume d&rsquo;Arabie saoudite joue depuis longtemps un r\u00f4le central sur le march\u00e9 international de l&rsquo;\u00e9nergie, contribuant ainsi \u00e0 la croissance \u00e9conomique et au d\u00e9veloppement mondial.<\/p>\n<p style=\"text-align: justify;\">Vision 2030 est une vision durable de l&rsquo;avenir de l&rsquo;Arabie saoudite. La durabilit\u00e9 est au c\u0153ur de toutes les activit\u00e9s du Royaume, de l&rsquo;\u00e9laboration des politiques et des investissements \u00e0 la planification et aux infrastructures. En abordant de mani\u00e8re cr\u00e9ative et responsable les d\u00e9fis \u00e9nerg\u00e9tiques et climatiques d&rsquo;aujourd&rsquo;hui, la Vision 2030 incite les autres pays du monde \u00e0 participer \u00e0 la construction d&rsquo;un avenir durable.<\/p>\n<p>[\/vc_toggle][vc_toggle title=\u00a0\u00bbUne \u00e9conomie vivante\u00a0\u00bb]<\/p>\n<p style=\"text-align: justify;\">Une \u00e9conomie florissante offre des opportunit\u00e9s \u00e0 tous en mettant en place un syst\u00e8me \u00e9ducatif align\u00e9 sur les besoins du march\u00e9 afin de donner aux jeunes les comp\u00e9tences pour les emplois de demain, et en cr\u00e9ant des opportunit\u00e9s \u00e9conomiques pour l&rsquo;entrepreneur, la petite entreprise comme la grande soci\u00e9t\u00e9.<\/p>\n<p>[\/vc_toggle][\/vc_column_inner][vc_column_inner width=\u00a0\u00bb1\/2&Prime;][vc_toggle title=\u00a0\u00bbUne soci\u00e9t\u00e9 dynamique\u00a0\u00bb]<\/p>\n<p style=\"text-align: justify;\">Une soci\u00e9t\u00e9 dynamique est essentielle pour r\u00e9aliser la vision et \u00e9tablir une base solide pour la prosp\u00e9rit\u00e9 \u00e9conomique. L&rsquo;objectif est de cr\u00e9er une soci\u00e9t\u00e9 dans laquelle chaque citoyen jouit d&rsquo;un mode de vie heureux et \u00e9panouissant, compl\u00e9t\u00e9 par un niveau de vie qui offre un environnement s\u00fbr et s\u00e9curis\u00e9 pour les familles, et un acc\u00e8s \u00e0 des soins de sant\u00e9 et \u00e0 une \u00e9ducation de niveau international.<\/p>\n<p style=\"text-align: justify;\">En m\u00eame temps, la vision encourage ses citoyens \u00e0 ch\u00e9rir leur identit\u00e9 nationale et leur ancien patrimoine culturel et \u00e0 vivre selon le principe islamique de mod\u00e9ration.<\/p>\n<p>[\/vc_toggle][vc_toggle title=\u00a0\u00bbUne nation ambitieuse\u00a0\u00bb]<\/p>\n<p style=\"text-align: justify;\">Une nation ambitieuse fait preuve d&rsquo;efficacit\u00e9 et de responsabilit\u00e9 \u00e0 tous les niveaux afin de concr\u00e9tiser la vision, notamment en mettant en place un gouvernement efficace, transparent, responsable et performant.<\/p>\n<p>[\/vc_toggle][\/vc_column_inner][\/vc_row_inner][vc_empty_space height=\u00a0\u00bb80px\u00a0\u00bb el_class=\u00a0\u00bbnoHeightMobile\u00a0\u00bb][\/vc_column][\/vc_row]<\/p>\n","protected":false},"excerpt":{"rendered":"<p>[vc_row][vc_column][vc_empty_space height=\u00a0\u00bb40px\u00a0\u00bb el_class=\u00a0\u00bbnoHeightMobile\u00a0\u00bb][vc_custom_heading text=\u00a0\u00bbNOUS CONTRIBUONS FI\u00c8REMENT \u00c0 LA CONSTRUCTION D\u2019UN MEILLEUR AVENIR POUR NOTRE PAYS\u00a0\u00bb font_container=\u00a0\u00bbtag:h2|text_align:center\u00a0\u00bb use_theme_fonts=\u00a0\u00bbyes\u00a0\u00bb el_class=\u00a0\u00bbvision\u00a0\u00bb][vc_empty_space height=\u00a0\u00bb20px\u00a0\u00bb][vc_row_inner gap=\u00a0\u00bb35&Prime;][vc_column_inner width=\u00a0\u00bb1\/2&Prime;][vc_column_text] Pour construire un meilleur avenir pour notre pays, nous avons align\u00e9 nos services sur la vision 2030 du Royaume d&rsquo;Arabie Saoudite, en nous appuyant sur des solutions qui repr\u00e9sentent nos avantages concurrentiels uniques. Notre [&hellip;]<\/p>\n","protected":false},"author":5,"featured_media":0,"parent":0,"menu_order":0,"comment_status":"closed","ping_status":"open","template":"","meta":{"_joinchat":[],"footnotes":""},"class_list":["post-3907","page","type-page","status-publish","hentry"],"_links":{"self":[{"href":"https:\/\/diagnosticselite.com\/fr\/wp-json\/wp\/v2\/pages\/3907","targetHints":{"allow":["GET"]}}],"collection":[{"href":"https:\/\/diagnosticselite.com\/fr\/wp-json\/wp\/v2\/pages"}],"about":[{"href":"https:\/\/diagnosticselite.com\/fr\/wp-json\/wp\/v2\/types\/page"}],"author":[{"embeddable":true,"href":"https:\/\/diagnosticselite.com\/fr\/wp-json\/wp\/v2\/users\/5"}],"replies":[{"embeddable":true,"href":"https:\/\/diagnosticselite.com\/fr\/wp-json\/wp\/v2\/comments?post=3907"}],"version-history":[{"count":11,"href":"https:\/\/diagnosticselite.com\/fr\/wp-json\/wp\/v2\/pages\/3907\/revisions"}],"predecessor-version":[{"id":32189,"href":"https:\/\/diagnosticselite.com\/fr\/wp-json\/wp\/v2\/pages\/3907\/revisions\/32189"}],"wp:attachment":[{"href":"https:\/\/diagnosticselite.com\/fr\/wp-json\/wp\/v2\/media?parent=3907"}],"curies":[{"name":"wp","href":"https:\/\/api.w.org\/{rel}","templated":true}]}}