{"id":32274,"date":"2017-11-16T02:17:16","date_gmt":"2017-11-16T02:17:16","guid":{"rendered":"https:\/\/diagnosticselite.com\/yosr\/"},"modified":"2023-10-13T10:41:58","modified_gmt":"2023-10-13T10:41:58","slug":"yosr","status":"publish","type":"page","link":"https:\/\/diagnosticselite.com\/fr\/yosr\/","title":{"rendered":"YOSR"},"content":{"rendered":"<p>[vc_section full_width=\u00a0\u00bbstretch_row\u00a0\u00bb el_class=\u00a0\u00bbshadow mobileMinus65&Prime; css=\u00a0\u00bb.vc_custom_1676973557189{margin-top: -45px !important;padding-bottom: 25px !important;background: #edf6fc url(https:\/\/diagnosticselite.com\/wp-content\/uploads\/2022\/09\/bg-industries.png?id=1876) !important;background-position: center !important;background-repeat: no-repeat !important;background-size: cover !important;}\u00a0\u00bb][vc_row full_width=\u00a0\u00bbstretch_row\u00a0\u00bb css=\u00a0\u00bb.vc_custom_1671364658047{padding-top: 50px !important;padding-bottom: 150px !important;}\u00a0\u00bb el_class=\u00a0\u00bbyosrtitle\u00a0\u00bb][vc_column][vc_custom_heading text=\u00a0\u00bbL\u2019INITIATIVE YOSR\u00a0\u00bb font_container=\u00a0\u00bbtag:h2|text_align:center\u00a0\u00bb use_theme_fonts=\u00a0\u00bbyes\u00a0\u00bb][vc_empty_space height=\u00a0\u00bb40px\u00a0\u00bb el_class=\u00a0\u00bbmobile-space-solution\u00a0\u00bb][vc_column_text]<\/p>\n<p style=\"text-align: center;\">Afin de maintenir notre effort de solidarit\u00e9 et monter en puissance sur les enjeux majeurs, nous avons r\u00e9cemment lanc\u00e9 \u00abL&rsquo;initiative YOSR\u00bb, une unit\u00e9 d\u2019aide \u00e0 nos clients ayant des difficult\u00e9s \u00e0 fournir des services de radiologie de qualit\u00e9 \u00e0 leurs patients.<\/p>\n<p>[\/vc_column_text][\/vc_column][\/vc_row][\/vc_section][vc_section full_width=\u00a0\u00bbstretch_row\u00a0\u00bb el_class=\u00a0\u00bbfix-overflow\u00a0\u00bb][vc_row css=\u00a0\u00bb.vc_custom_1671365320896{margin-top: -100px !important;margin-right: 15px !important;margin-left: 15px !important;padding-top: 60px !important;padding-right: 50px !important;padding-bottom: 60px !important;padding-left: 50px !important;background-color: #ffffff !important;}\u00a0\u00bb el_class=\u00a0\u00bbshadow paddingMobileCustom\u00a0\u00bb][vc_column][vc_custom_heading text=\u00a0\u00bbProfitez de cette initiative\u00a0\u00bb font_container=\u00a0\u00bbtag:h3|font_size:30px|text_align:center\u00a0\u00bb use_theme_fonts=\u00a0\u00bbyes\u00a0\u00bb css_animation=\u00a0\u00bbnone\u00a0\u00bb el_class=\u00a0\u00bbh3MobileSize\u00a0\u00bb][vc_empty_space height=\u00a0\u00bb20px\u00a0\u00bb][vc_column_text]<\/p>\n<p style=\"text-align: justify;\">Votre \u00e9tablissement m\u00e9dical rencontre-t-il des difficult\u00e9s \u00e0 assurer la continuit\u00e9 de ses services de lecture et d&rsquo;interpr\u00e9tation radiologiques en raison d&rsquo;un nombre insuffisant de demandes d&rsquo;examens d&rsquo;imagerie et d&rsquo;un manque de tr\u00e9sorerie? Nous pouvons vous aider!<\/p>\n<p style=\"text-align: justify;\">Soumettez votre demande en remplissant le formulaire ci-dessous pour permettre \u00e0 notre \u00e9quipe d&rsquo;\u00e9valuer votre \u00e9ligibilit\u00e9 pour b\u00e9n\u00e9ficier de \u00ab\u00a0L&rsquo;initiative YOSR\u00a0\u00bb.<\/p>\n<p style=\"text-align: justify;\">Si vous remplissez toutes les crit\u00e8res d&rsquo;\u00e9ligibilit\u00e9, nos services vous seront fournis \u00e0 des co\u00fbts raisonnables et adapt\u00e9s \u00e0 votre situation financi\u00e8re.<\/p>\n<p>[\/vc_column_text][vc_empty_space height=\u00a0\u00bb60px\u00a0\u00bb]<div role=\"form\" class=\"wpcf7\" id=\"wpcf7-f32369-o1\" lang=\"en-US\" dir=\"ltr\">\n<div class=\"screen-reader-response\"><p role=\"status\" aria-live=\"polite\" aria-atomic=\"true\"><\/p> <ul><\/ul><\/div>\n<form action=\"\/fr\/wp-json\/wp\/v2\/pages\/32274#wpcf7-f32369-o1\" method=\"post\" class=\"wpcf7-form init\" novalidate=\"novalidate\" data-status=\"init\">\n<div style=\"display: none;\">\n<input type=\"hidden\" name=\"_wpcf7\" value=\"32369\" \/>\n<input type=\"hidden\" name=\"_wpcf7_version\" value=\"5.6.4\" \/>\n<input type=\"hidden\" name=\"_wpcf7_locale\" value=\"en_US\" \/>\n<input type=\"hidden\" name=\"_wpcf7_unit_tag\" value=\"wpcf7-f32369-o1\" \/>\n<input type=\"hidden\" name=\"_wpcf7_container_post\" value=\"0\" \/>\n<input type=\"hidden\" name=\"_wpcf7_posted_data_hash\" value=\"\" \/>\n<input type=\"hidden\" name=\"_wpcf7cf_hidden_group_fields\" value=\"[]\" \/>\n<input type=\"hidden\" name=\"_wpcf7cf_hidden_groups\" value=\"[]\" \/>\n<input type=\"hidden\" name=\"_wpcf7cf_visible_groups\" value=\"[]\" \/>\n<input type=\"hidden\" name=\"_wpcf7cf_repeaters\" value=\"[]\" \/>\n<input type=\"hidden\" name=\"_wpcf7cf_steps\" value=\"{}\" \/>\n<input type=\"hidden\" name=\"_wpcf7cf_options\" value=\"{&quot;form_id&quot;:32369,&quot;conditions&quot;:[],&quot;settings&quot;:{&quot;animation&quot;:&quot;yes&quot;,&quot;animation_intime&quot;:200,&quot;animation_outtime&quot;:200,&quot;conditions_ui&quot;:&quot;normal&quot;,&quot;notice_dismissed&quot;:false}}\" \/>\n<\/div>\n<div class=\"form-request\">\n<div class=\"row\">\n<div class=\"columns columns-6\"><label>Raison de votre demande<\/label> <span class=\"wpcf7-form-control-wrap\" data-name=\"ReasontojoinYOSR\"><select name=\"ReasontojoinYOSR\" class=\"wpcf7-form-control wpcf7-select wpcf7-validates-as-required\" aria-required=\"true\" aria-invalid=\"false\"><option value=\"Nouveau centre m\u00e9dical\">Nouveau centre m\u00e9dical<\/option><option value=\"Contraintes financi\u00e8res\">Contraintes financi\u00e8res<\/option><option value=\"Autre\">Autre<\/option><\/select><\/span><\/div>\n<div class=\"columns columns-6\"><label>Nom du centre m\u00e9dical<\/label><span class=\"wpcf7-form-control-wrap\" data-name=\"complexName\"><input type=\"text\" name=\"complexName\" value=\"\" size=\"40\" class=\"wpcf7-form-control wpcf7-text wpcf7-validates-as-required\" aria-required=\"true\" aria-invalid=\"false\" placeholder=\"Nom du centre m\u00e9dical\" \/><\/span><\/div>\n<\/div>\n<div class=\"row\">\n<div class=\"columns columns-6\"><label>Num\u00e9ro d\u2019immatriculation<\/label><span class=\"wpcf7-form-control-wrap\" data-name=\"CommercialRegistrationNumber\"><input type=\"text\" name=\"CommercialRegistrationNumber\" value=\"\" size=\"40\" class=\"wpcf7-form-control wpcf7-text wpcf7-validates-as-required\" aria-required=\"true\" aria-invalid=\"false\" placeholder=\"Num\u00e9ro d\u2019immatriculation\" \/><\/span><\/div>\n<div class=\"columns columns-6\"><label>Num\u00e9ro d\u2019autorisation du minist\u00e8re de la sant\u00e9<\/label><span class=\"wpcf7-form-control-wrap\" data-name=\"MOHLicenseNumber\"><input type=\"text\" name=\"MOHLicenseNumber\" value=\"\" size=\"40\" class=\"wpcf7-form-control wpcf7-text wpcf7-validates-as-required\" aria-required=\"true\" aria-invalid=\"false\" placeholder=\"Num\u00e9ro d\u2019autorisation du minist\u00e8re de la sant\u00e9\" \/><\/span><\/div>\n<\/div>\n<div class=\"row\">\n<div class=\"columns columns-6\"><label>Nom du propri\u00e9taire<\/label><span class=\"wpcf7-form-control-wrap\" data-name=\"ownerName\"><input type=\"text\" name=\"ownerName\" value=\"\" size=\"40\" class=\"wpcf7-form-control wpcf7-text\" aria-invalid=\"false\" placeholder=\"Nom du propri\u00e9taire\" \/><\/span><\/div>\n<div class=\"columns columns-6\"><label>Num\u00e9ro de portable<\/label><span class=\"wpcf7-form-control-wrap\" data-name=\"mobileNumber\"><input type=\"text\" name=\"mobileNumber\" value=\"\" size=\"40\" class=\"wpcf7-form-control wpcf7-text wpcf7-validates-as-required\" aria-required=\"true\" aria-invalid=\"false\" placeholder=\"Num\u00e9ro de portable\" \/><\/span><\/div>\n<\/div>\n<div class=\"row\">\n<div class=\"columns columns-6\"><label>E-mail<\/label><span class=\"wpcf7-form-control-wrap\" data-name=\"Officialcontactemail\"><input type=\"email\" name=\"Officialcontactemail\" value=\"\" size=\"40\" class=\"wpcf7-form-control wpcf7-text wpcf7-email wpcf7-validates-as-required wpcf7-validates-as-email\" aria-required=\"true\" aria-invalid=\"false\" placeholder=\"E-mail\" \/><\/span><\/div>\n<div class=\"columns columns-6\"><label>Nombre de cas de radiographie<\/label><span class=\"wpcf7-form-control-wrap\" data-name=\"numberXcases\"><input type=\"text\" name=\"numberXcases\" value=\"\" size=\"40\" class=\"wpcf7-form-control wpcf7-text wpcf7-validates-as-required\" aria-required=\"true\" aria-invalid=\"false\" placeholder=\"Nombre de cas de radiographie\" \/><\/span><\/div>\n<\/div>\n<div class=\"row\">\n<div class=\"columns columns-12\"><label>Nombre de cas d'\u00e9chographie<\/label><span class=\"wpcf7-form-control-wrap\" data-name=\"Ultrasound\"><input type=\"text\" name=\"Ultrasound\" value=\"\" size=\"40\" class=\"wpcf7-form-control wpcf7-text wpcf7-validates-as-required\" aria-required=\"true\" aria-invalid=\"false\" placeholder=\"Nombre de cas d&#039;\u00e9chographie\" \/><\/span><\/div>\n<\/div>\n<div class=\"row\">\n<div class=\"columns columns-12\"><label>Capacit\u00e9 de paiement pendant la p\u00e9riode contractuelle annuelle?<\/label><span class=\"wpcf7-form-control-wrap\" data-name=\"financialAbility\"><input type=\"text\" name=\"financialAbility\" value=\"\" size=\"40\" class=\"wpcf7-form-control wpcf7-text wpcf7-validates-as-required\" aria-required=\"true\" aria-invalid=\"false\" placeholder=\"Capacit\u00e9 de paiement\" \/><\/span><\/div>\n<\/div>\n<div class=\"row\">\n<div class=\"columns columns-6\"><label>Nom du technicien IT<\/label><span class=\"wpcf7-form-control-wrap\" data-name=\"IttechnicianName\"><input type=\"text\" name=\"IttechnicianName\" value=\"\" size=\"40\" class=\"wpcf7-form-control wpcf7-text wpcf7-validates-as-required\" aria-required=\"true\" aria-invalid=\"false\" placeholder=\"Nom du technicien IT\" \/><\/span><\/div>\n<div class=\"columns columns-6\"><label>Num\u00e9ro de portable<\/label><span class=\"wpcf7-form-control-wrap\" data-name=\"MobileNumber2\"><input type=\"text\" name=\"MobileNumber2\" value=\"\" size=\"40\" class=\"wpcf7-form-control wpcf7-text wpcf7-validates-as-required\" aria-required=\"true\" aria-invalid=\"false\" placeholder=\"Num\u00e9ro de portable\" \/><\/span><\/div>\n<\/div>\n<div class=\"row\">\n<div class=\"columns columns-6\"><label>E-mail<\/label><span class=\"wpcf7-form-control-wrap\" data-name=\"email\"><input type=\"text\" name=\"email\" value=\"\" size=\"40\" class=\"wpcf7-form-control wpcf7-text wpcf7-validates-as-required\" aria-required=\"true\" aria-invalid=\"false\" placeholder=\"E-mail\" \/><\/span><\/div>\n<div class=\"columns columns-6\"><label>Directeur financier<\/label><span class=\"wpcf7-form-control-wrap\" data-name=\"financeManager\"><input type=\"text\" name=\"financeManager\" value=\"\" size=\"40\" class=\"wpcf7-form-control wpcf7-text wpcf7-validates-as-required\" aria-required=\"true\" aria-invalid=\"false\" placeholder=\"Directeur financier\" \/><\/span><\/div>\n<\/div>\n<div class=\"row\">\n<div class=\"columns columns-6\"><label>Num\u00e9ro de portable<\/label><span class=\"wpcf7-form-control-wrap\" data-name=\"financeMobileNumber\"><input type=\"text\" name=\"financeMobileNumber\" value=\"\" size=\"40\" class=\"wpcf7-form-control wpcf7-text wpcf7-validates-as-required\" aria-required=\"true\" aria-invalid=\"false\" placeholder=\"Num\u00e9ro de portable\" \/><\/span><\/div>\n<div class=\"columns columns-6\"><label>E-mail<\/label><span class=\"wpcf7-form-control-wrap\" data-name=\"financeEmail\"><input type=\"text\" name=\"financeEmail\" value=\"\" size=\"40\" class=\"wpcf7-form-control wpcf7-text wpcf7-validates-as-required\" aria-required=\"true\" aria-invalid=\"false\" placeholder=\"E-mail\" \/><\/span><\/div>\n<\/div>\n<div class=\"row\">\n<div class=\"columns columns-12\"><label>Commentaires<\/label><span class=\"wpcf7-form-control-wrap\" data-name=\"comments\"><textarea name=\"comments\" cols=\"40\" rows=\"10\" class=\"wpcf7-form-control wpcf7-textarea wpcf7-validates-as-required\" aria-required=\"true\" aria-invalid=\"false\" placeholder=\"Commentaires\"><\/textarea><\/span><\/div>\n<\/div>\n<div class=\"row\">\n<div class=\"columns columns-12\"><input type=\"submit\" value=\"SOUMETTRE\" class=\"wpcf7-form-control has-spinner wpcf7-submit\" \/><\/div>\n<\/div>\n<\/div>\n<div class=\"wpcf7-response-output\" aria-hidden=\"true\"><\/div><\/form><\/div>[\/vc_column][\/vc_row][vc_row][vc_column][vc_empty_space height=\u00a0\u00bb40px\u00a0\u00bb][vc_message message_box_style=\u00a0\u00bbsolid\u00a0\u00bb style=\u00a0\u00bbsquare\u00a0\u00bb message_box_color=\u00a0\u00bbwhite\u00a0\u00bb]<\/p>\n<p style=\"text-align: justify;\">Pour plus d&rsquo;informations n&rsquo;h\u00e9sitez pas \u00e0 nous contacter en semaine de 9h \u00e0 16h, par t\u00e9l\u00e9phone au +966 56 123 7346 ou par e-mail \u00e0 yosr@diagnosticselite.com. Nous serons heureux de r\u00e9pondre \u00e0 toutes vos questions.<\/p>\n<p>[\/vc_message][vc_empty_space height=\u00a0\u00bb80px\u00a0\u00bb el_class=\u00a0\u00bbnoHeightMobile\u00a0\u00bb][\/vc_column][\/vc_row][\/vc_section]<\/p>\n","protected":false},"excerpt":{"rendered":"<p>[vc_section full_width=\u00a0\u00bbstretch_row\u00a0\u00bb el_class=\u00a0\u00bbshadow mobileMinus65&Prime; css=\u00a0\u00bb.vc_custom_1676973557189{margin-top: -45px !important;padding-bottom: 25px !important;background: #edf6fc url(https:\/\/diagnosticselite.com\/wp-content\/uploads\/2022\/09\/bg-industries.png?id=1876) !important;background-position: center !important;background-repeat: no-repeat !important;background-size: cover !important;}\u00a0\u00bb][vc_row full_width=\u00a0\u00bbstretch_row\u00a0\u00bb css=\u00a0\u00bb.vc_custom_1671364658047{padding-top: 50px !important;padding-bottom: 150px !important;}\u00a0\u00bb el_class=\u00a0\u00bbyosrtitle\u00a0\u00bb][vc_column][vc_custom_heading text=\u00a0\u00bbL\u2019INITIATIVE YOSR\u00a0\u00bb font_container=\u00a0\u00bbtag:h2|text_align:center\u00a0\u00bb use_theme_fonts=\u00a0\u00bbyes\u00a0\u00bb][vc_empty_space height=\u00a0\u00bb40px\u00a0\u00bb el_class=\u00a0\u00bbmobile-space-solution\u00a0\u00bb][vc_column_text] Afin de maintenir notre effort de solidarit\u00e9 et monter en puissance sur les enjeux majeurs, nous avons r\u00e9cemment lanc\u00e9 \u00abL&rsquo;initiative YOSR\u00bb, une unit\u00e9 d\u2019aide [&hellip;]<\/p>\n","protected":false},"author":5,"featured_media":0,"parent":0,"menu_order":0,"comment_status":"closed","ping_status":"closed","template":"","meta":{"_joinchat":[],"footnotes":""},"class_list":["post-32274","page","type-page","status-publish","hentry"],"_links":{"self":[{"href":"https:\/\/diagnosticselite.com\/fr\/wp-json\/wp\/v2\/pages\/32274","targetHints":{"allow":["GET"]}}],"collection":[{"href":"https:\/\/diagnosticselite.com\/fr\/wp-json\/wp\/v2\/pages"}],"about":[{"href":"https:\/\/diagnosticselite.com\/fr\/wp-json\/wp\/v2\/types\/page"}],"author":[{"embeddable":true,"href":"https:\/\/diagnosticselite.com\/fr\/wp-json\/wp\/v2\/users\/5"}],"replies":[{"embeddable":true,"href":"https:\/\/diagnosticselite.com\/fr\/wp-json\/wp\/v2\/comments?post=32274"}],"version-history":[{"count":4,"href":"https:\/\/diagnosticselite.com\/fr\/wp-json\/wp\/v2\/pages\/32274\/revisions"}],"predecessor-version":[{"id":32370,"href":"https:\/\/diagnosticselite.com\/fr\/wp-json\/wp\/v2\/pages\/32274\/revisions\/32370"}],"wp:attachment":[{"href":"https:\/\/diagnosticselite.com\/fr\/wp-json\/wp\/v2\/media?parent=32274"}],"curies":[{"name":"wp","href":"https:\/\/api.w.org\/{rel}","templated":true}]}}