{"id":30336,"date":"2023-02-03T14:54:58","date_gmt":"2023-02-03T14:54:58","guid":{"rendered":"https:\/\/diagnosticselite.com\/teleradiology-services\/"},"modified":"2023-10-13T10:53:06","modified_gmt":"2023-10-13T10:53:06","slug":"teleradiologie","status":"publish","type":"page","link":"https:\/\/diagnosticselite.com\/fr\/teleradiologie\/","title":{"rendered":"T\u00e9l\u00e9radiologie"},"content":{"rendered":"<p>[vc_row css=\u00a0\u00bb.vc_custom_1671363607057{margin-right: 0px !important;margin-left: 0px !important;padding-top: 80px !important;padding-bottom: 80px !important;background-image: url(https:\/\/diagnosticselite.com\/wp-content\/uploads\/2022\/12\/why-choose-us.jpg?id=3373) !important;background-position: center !important;background-repeat: no-repeat !important;background-size: cover !important;}\u00a0\u00bb el_class=\u00a0\u00bbmarginMinusMobile\u00a0\u00bb][vc_column width=\u00a0\u00bb1\/12&Prime;][\/vc_column][vc_column width=\u00a0\u00bb5\/6&Prime;][vc_row_inner][vc_column_inner width=\u00a0\u00bb1\/3&Prime;]<div class=\"counter shadow  vc_custom_1697023627424\"><div class=\"counter-image\"><i class=\"entypo-icon entypo-icon-users\"><\/i><\/div> <div class=\"counter-detail\">\n\t\t<h3 class=\"counter-content\">\n\t\t\t<span class=\"counter-prefix\"><\/span><span class=\"counter-value\" data-from=\"0\" data-to=\"320\" data-speed=\"1000\">0<\/span><span class=\"counter-suffix\">+<\/span>\n\t\t<\/h3>\n\t<div class=\"counter-title\">Partenaires<\/div><\/div><\/div>[\/vc_column_inner][vc_column_inner width=\u00a0\u00bb1\/3&Prime;]<div class=\"counter shadow  vc_custom_1697023641153\"><div class=\"counter-image\"><i class=\"entypo-icon entypo-icon-briefcase\"><\/i><\/div> <div class=\"counter-detail\">\n\t\t<h3 class=\"counter-content\">\n\t\t\t<span class=\"counter-prefix\"><\/span><span class=\"counter-value\" data-from=\"0\" data-to=\"148\" data-speed=\"1000\">0<\/span><span class=\"counter-suffix\">+<\/span>\n\t\t<\/h3>\n\t<div class=\"counter-title\">Sp\u00e9cialistes<\/div><\/div><\/div>[\/vc_column_inner][vc_column_inner width=\u00a0\u00bb1\/3&Prime;]<div class=\"counter shadow  vc_custom_1697023716742\"><div class=\"counter-image\"><i class=\"entypo-icon entypo-icon-user\"><\/i><\/div> <div class=\"counter-detail\">\n\t\t<h3 class=\"counter-content\">\n\t\t\t<span class=\"counter-prefix\"><\/span><span class=\"counter-value\" data-from=\"0\" data-to=\"6\" data-speed=\"1000\">0<\/span><span class=\"counter-suffix\"><\/span>\n\t\t<\/h3>\n\t<div class=\"counter-title\">Ann\u00e9es d\u2019exp\u00e9rience<\/div><\/div><\/div>[\/vc_column_inner][\/vc_row_inner][\/vc_column][vc_column width=\u00a0\u00bb1\/12&Prime;][\/vc_column][\/vc_row][vc_row css=\u00a0\u00bb.vc_custom_1510549832750{padding-top: 50px !important;}\u00a0\u00bb][vc_column width=\u00a0\u00bb1\/4&Prime;][vc_custom_heading text=\u00a0\u00bbNous sommes ax\u00e9s sur la qualit\u00e9 et l&rsquo;innovation\u00a0\u00bb font_container=\u00a0\u00bbtag:h4|text_align:left\u00a0\u00bb use_theme_fonts=\u00a0\u00bbyes\u00a0\u00bb][vc_empty_space height=\u00a0\u00bb20px\u00a0\u00bb][\/vc_column][vc_column width=\u00a0\u00bb3\/4&Prime;][vc_column_text]<\/p>\n<p style=\"text-align: justify;\">Diagnostics Elite est con\u00e7ue autour d\u2019une exigence qualit\u00e9 qui en fait son ADN. Toutes nos \u00e9quipes m\u00e9dicales partagent le m\u00eame engagement, qui repose sur le partage de connaissances et d\u2019exp\u00e9riences, la mutualisation, la formation continue et l\u2019innovation.<\/p>\n<p>[\/vc_column_text][\/vc_column][\/vc_row][vc_row][vc_column][vc_empty_space height=\u00a0\u00bb20px\u00a0\u00bb el_class=\u00a0\u00bbnoHeightMobile\u00a0\u00bb][\/vc_column][\/vc_row][vc_row css=\u00a0\u00bb.vc_custom_1670942398410{padding-top: 50px !important;}\u00a0\u00bb][vc_column width=\u00a0\u00bb1\/4&Prime;][vc_custom_heading text=\u00a0\u00bbPourquoi nous faire confiance?\u00a0\u00bb font_container=\u00a0\u00bbtag:h4|text_align:left\u00a0\u00bb use_theme_fonts=\u00a0\u00bbyes\u00a0\u00bb][vc_empty_space height=\u00a0\u00bb20px\u00a0\u00bb][\/vc_column][vc_column width=\u00a0\u00bb3\/4&Prime;][vc_column_text el_class=\u00a0\u00bbquestionsFaq\u00a0\u00bb]<\/p>\n<ul class=\"flx-items\">\n<li><img loading=\"lazy\" decoding=\"async\" class=\"alignleft wp-image-4510\" src=\"https:\/\/diagnosticselite.com\/wp-content\/uploads\/2023\/02\/radiology-standards.png\" alt=\"\" width=\"75\" height=\"75\" \/><br \/>\n<h4>1. Crit\u00e8res stricts de recrutement des radiologues et formation technique et m\u00e9dicale \u00e0 la t\u00e9l\u00e9m\u00e9decine<\/h4>\n<\/li>\n<li><img loading=\"lazy\" decoding=\"async\" class=\"alignleft wp-image-4513\" src=\"https:\/\/diagnosticselite.com\/wp-content\/uploads\/2023\/02\/expert-subspecialized-consultants.png\" alt=\"\" width=\"75\" height=\"75\" \/><br \/>\n<h4>2. Adaptation du profil de radiologues \u00e0 l\u2019\u00e9tablissement \u00e9metteur pour une relation sp\u00e9cifique \u00e0 chaque centre<\/h4>\n<\/li>\n<li><img loading=\"lazy\" decoding=\"async\" class=\"alignleft wp-image-4516\" src=\"https:\/\/diagnosticselite.com\/wp-content\/uploads\/2023\/02\/comprehensive-radiology-services.png\" alt=\"\" width=\"75\" height=\"75\" srcset=\"https:\/\/diagnosticselite.com\/wp-content\/uploads\/2023\/02\/comprehensive-radiology-services.png 200w, https:\/\/diagnosticselite.com\/wp-content\/uploads\/2023\/02\/comprehensive-radiology-services-150x150.png 150w, https:\/\/diagnosticselite.com\/wp-content\/uploads\/2023\/02\/comprehensive-radiology-services-100x100.png 100w\" sizes=\"auto, (max-width: 75px) 100vw, 75px\" \/><br \/>\n<h4>3. Assurance d\u2019une double comp\u00e9tence technique et m\u00e9dico-organisationnelle<\/h4>\n<\/li>\n<li><img loading=\"lazy\" decoding=\"async\" class=\"alignleft wp-image-4519\" src=\"https:\/\/diagnosticselite.com\/wp-content\/uploads\/2023\/02\/patients-reports.png\" alt=\"\" width=\"75\" height=\"75\" \/><br \/>\n<h4>4. Solutions \u00ab\u00a0sur-mesure\u00a0\u00bb adapt\u00e9es aux sp\u00e9cialit\u00e9s des \u00e9tablissements de sant\u00e9<\/h4>\n<\/li>\n<li><img loading=\"lazy\" decoding=\"async\" class=\"alignleft wp-image-4523\" src=\"https:\/\/diagnosticselite.com\/wp-content\/uploads\/2023\/10\/Icon-1-Diagnostics-Elite.png\" alt=\"\" width=\"75\" height=\"75\" \/><br \/>\n<h4>5. Diagnostics d\u2019excellence gr\u00e2ce aux meilleurs sp\u00e9cialistes<\/h4>\n<\/li>\n<li><img loading=\"lazy\" decoding=\"async\" class=\"alignleft wp-image-4527\" src=\"https:\/\/diagnosticselite.com\/wp-content\/uploads\/2023\/10\/Icon-2-Diagnostics-Elite.png\" alt=\"\" width=\"75\" height=\"75\" \/><br \/>\n<h4>6. R\u00e9activit\u00e9 optimale et support technique 24h\/24 et 7j\/7<\/h4>\n<\/li>\n<li><img loading=\"lazy\" decoding=\"async\" class=\"alignleft wp-image-4531\" src=\"https:\/\/diagnosticselite.com\/wp-content\/uploads\/2023\/10\/Icon-4-Diagnostics-Elite.png\" alt=\"\" width=\"75\" height=\"75\" \/><br \/>\n<h4>7. Archivage syst\u00e9matique des images et des comptes-rendus durant toute la dur\u00e9e de la prestation dans un 100% conforme \u00e0 la r\u00e9glementation et aux recommandations des soci\u00e9t\u00e9s m\u00e9dicales<\/h4>\n<\/li>\n<li><img loading=\"lazy\" decoding=\"async\" class=\"alignleft wp-image-4535\" src=\"https:\/\/diagnosticselite.com\/wp-content\/uploads\/2023\/10\/Icon-3-Diagnostics-Elite.png\" alt=\"\" width=\"75\" height=\"75\" \/><br \/>\n<h4>8. Relation humaine, personnalis\u00e9e et bienveillante, pour un parcours de soins compr\u00e9hensible et facilit\u00e9<\/h4>\n<\/li>\n<\/ul>\n<p>[\/vc_column_text][\/vc_column][\/vc_row][vc_row][vc_column][vc_empty_space height=\u00a0\u00bb60px\u00a0\u00bb][vc_separator color=\u00a0\u00bbcustom\u00a0\u00bb border_width=\u00a0\u00bb5&Prime; accent_color=\u00a0\u00bbrgba(2,6,32,0.1)\u00a0\u00bb][vc_empty_space height=\u00a0\u00bb60px\u00a0\u00bb][vc_custom_heading text=\u00a0\u00bbPOUR PLUS D\u2019INFORMATIONS SUR NOS SERVICES DE T\u00c9L\u00c9RADIOLOGIE\u00a0\u00bb font_container=\u00a0\u00bbtag:h3|text_align:center\u00a0\u00bb use_theme_fonts=\u00a0\u00bbyes\u00a0\u00bb][vc_empty_space height=\u00a0\u00bb35px\u00a0\u00bb]<div role=\"form\" class=\"wpcf7\" id=\"wpcf7-f3962-o1\" lang=\"en-US\" dir=\"ltr\">\n<div class=\"screen-reader-response\"><p role=\"status\" aria-live=\"polite\" aria-atomic=\"true\"><\/p> <ul><\/ul><\/div>\n<form action=\"\/fr\/wp-json\/wp\/v2\/pages\/30336#wpcf7-f3962-o1\" method=\"post\" class=\"wpcf7-form init\" novalidate=\"novalidate\" data-status=\"init\">\n<div style=\"display: none;\">\n<input type=\"hidden\" name=\"_wpcf7\" value=\"3962\" \/>\n<input type=\"hidden\" name=\"_wpcf7_version\" value=\"5.6.4\" \/>\n<input type=\"hidden\" name=\"_wpcf7_locale\" value=\"en_US\" \/>\n<input type=\"hidden\" name=\"_wpcf7_unit_tag\" value=\"wpcf7-f3962-o1\" \/>\n<input type=\"hidden\" name=\"_wpcf7_container_post\" value=\"0\" \/>\n<input type=\"hidden\" name=\"_wpcf7_posted_data_hash\" value=\"\" \/>\n<input type=\"hidden\" name=\"_wpcf7cf_hidden_group_fields\" value=\"[]\" \/>\n<input type=\"hidden\" name=\"_wpcf7cf_hidden_groups\" value=\"[]\" \/>\n<input type=\"hidden\" name=\"_wpcf7cf_visible_groups\" value=\"[]\" \/>\n<input type=\"hidden\" name=\"_wpcf7cf_repeaters\" value=\"[]\" \/>\n<input type=\"hidden\" name=\"_wpcf7cf_steps\" value=\"{}\" \/>\n<input type=\"hidden\" name=\"_wpcf7cf_options\" value=\"{&quot;form_id&quot;:3962,&quot;conditions&quot;:[],&quot;settings&quot;:{&quot;animation&quot;:&quot;yes&quot;,&quot;animation_intime&quot;:200,&quot;animation_outtime&quot;:200,&quot;conditions_ui&quot;:&quot;normal&quot;,&quot;notice_dismissed&quot;:false}}\" \/>\n<\/div>\n<div class=\"form-request\">\n<div class=\"row\">\n<div class=\"columns columns-6\"><span class=\"wpcf7-form-control-wrap\" data-name=\"yourName\"><input type=\"text\" name=\"yourName\" value=\"\" size=\"40\" class=\"wpcf7-form-control wpcf7-text wpcf7-validates-as-required\" aria-required=\"true\" aria-invalid=\"false\" placeholder=\"Pr\u00e9nom\" \/><\/span><\/div>\n<div class=\"columns columns-6\"><span class=\"wpcf7-form-control-wrap\" data-name=\"yourLastName\"><input type=\"text\" name=\"yourLastName\" value=\"\" size=\"40\" class=\"wpcf7-form-control wpcf7-text wpcf7-validates-as-required\" aria-required=\"true\" aria-invalid=\"false\" placeholder=\"Nom de famille\" \/><\/span><\/div>\n<\/div>\n<div class=\"row\">\n<div class=\"columns columns-6\"><span class=\"wpcf7-form-control-wrap\" data-name=\"yourPhone\"><input type=\"text\" name=\"yourPhone\" value=\"\" size=\"40\" class=\"wpcf7-form-control wpcf7-text wpcf7-validates-as-required\" aria-required=\"true\" aria-invalid=\"false\" placeholder=\"Num\u00e9ro de portable\" \/><\/span><\/div>\n<div class=\"columns columns-6\"><span class=\"wpcf7-form-control-wrap\" data-name=\"email-287\"><input type=\"email\" name=\"email-287\" value=\"\" size=\"40\" class=\"wpcf7-form-control wpcf7-text wpcf7-email wpcf7-validates-as-required wpcf7-validates-as-email\" aria-required=\"true\" aria-invalid=\"false\" placeholder=\"Adresse e-mail\" \/><\/span><\/div>\n<\/div>\n<div class=\"row\">\n<div class=\"columns columns-6\"><span class=\"wpcf7-form-control-wrap\" data-name=\"company\"><input type=\"text\" name=\"company\" value=\"\" size=\"40\" class=\"wpcf7-form-control wpcf7-text\" aria-invalid=\"false\" placeholder=\"Soci\u00e9t\u00e9\" \/><\/span><\/div>\n<div class=\"columns columns-6\"><span class=\"wpcf7-form-control-wrap\" data-name=\"subject\"><input type=\"text\" name=\"subject\" value=\"\" size=\"40\" class=\"wpcf7-form-control wpcf7-text\" aria-invalid=\"false\" placeholder=\"Suject\" \/><\/span><\/div>\n<\/div>\n<div class=\"row\">\n<div class=\"columns columns-12\"><span class=\"wpcf7-form-control-wrap\" data-name=\"message\"><textarea name=\"message\" cols=\"40\" rows=\"10\" class=\"wpcf7-form-control wpcf7-textarea wpcf7-validates-as-required\" aria-required=\"true\" aria-invalid=\"false\" placeholder=\"Message\"><\/textarea><\/span><\/div>\n<\/div>\n<div class=\"row\">\n<div class=\"columns columns-12\"><input type=\"submit\" value=\"Soumettre\" class=\"wpcf7-form-control has-spinner wpcf7-submit\" \/><\/div>\n<\/div>\n<\/div>\n<div class=\"wpcf7-response-output\" aria-hidden=\"true\"><\/div><\/form><\/div>[vc_empty_space height=\u00a0\u00bb50px\u00a0\u00bb][\/vc_column][\/vc_row]<\/p>\n","protected":false},"excerpt":{"rendered":"<p>[vc_row css=\u00a0\u00bb.vc_custom_1671363607057{margin-right: 0px !important;margin-left: 0px !important;padding-top: 80px !important;padding-bottom: 80px !important;background-image: url(https:\/\/diagnosticselite.com\/wp-content\/uploads\/2022\/12\/why-choose-us.jpg?id=3373) !important;background-position: center !important;background-repeat: no-repeat !important;background-size: cover !important;}\u00a0\u00bb el_class=\u00a0\u00bbmarginMinusMobile\u00a0\u00bb][vc_column width=\u00a0\u00bb1\/12&Prime;][\/vc_column][vc_column width=\u00a0\u00bb5\/6&Prime;][vc_row_inner][vc_column_inner width=\u00a0\u00bb1\/3&Prime;][\/vc_column_inner][vc_column_inner width=\u00a0\u00bb1\/3&Prime;][\/vc_column_inner][vc_column_inner width=\u00a0\u00bb1\/3&Prime;][\/vc_column_inner][\/vc_row_inner][\/vc_column][vc_column width=\u00a0\u00bb1\/12&Prime;][\/vc_column][\/vc_row][vc_row css=\u00a0\u00bb.vc_custom_1510549832750{padding-top: 50px !important;}\u00a0\u00bb][vc_column width=\u00a0\u00bb1\/4&Prime;][vc_custom_heading text=\u00a0\u00bbNous sommes ax\u00e9s sur la qualit\u00e9 et l&rsquo;innovation\u00a0\u00bb font_container=\u00a0\u00bbtag:h4|text_align:left\u00a0\u00bb use_theme_fonts=\u00a0\u00bbyes\u00a0\u00bb][vc_empty_space height=\u00a0\u00bb20px\u00a0\u00bb][\/vc_column][vc_column width=\u00a0\u00bb3\/4&Prime;][vc_column_text] Diagnostics Elite est con\u00e7ue autour d\u2019une exigence qualit\u00e9 qui en fait son ADN. Toutes [&hellip;]<\/p>\n","protected":false},"author":5,"featured_media":0,"parent":0,"menu_order":0,"comment_status":"closed","ping_status":"closed","template":"","meta":{"_joinchat":[],"footnotes":""},"class_list":["post-30336","page","type-page","status-publish","hentry"],"_links":{"self":[{"href":"https:\/\/diagnosticselite.com\/fr\/wp-json\/wp\/v2\/pages\/30336","targetHints":{"allow":["GET"]}}],"collection":[{"href":"https:\/\/diagnosticselite.com\/fr\/wp-json\/wp\/v2\/pages"}],"about":[{"href":"https:\/\/diagnosticselite.com\/fr\/wp-json\/wp\/v2\/types\/page"}],"author":[{"embeddable":true,"href":"https:\/\/diagnosticselite.com\/fr\/wp-json\/wp\/v2\/users\/5"}],"replies":[{"embeddable":true,"href":"https:\/\/diagnosticselite.com\/fr\/wp-json\/wp\/v2\/comments?post=30336"}],"version-history":[{"count":12,"href":"https:\/\/diagnosticselite.com\/fr\/wp-json\/wp\/v2\/pages\/30336\/revisions"}],"predecessor-version":[{"id":32373,"href":"https:\/\/diagnosticselite.com\/fr\/wp-json\/wp\/v2\/pages\/30336\/revisions\/32373"}],"wp:attachment":[{"href":"https:\/\/diagnosticselite.com\/fr\/wp-json\/wp\/v2\/media?parent=30336"}],"curies":[{"name":"wp","href":"https:\/\/api.w.org\/{rel}","templated":true}]}}