{"id":30328,"date":"2017-11-21T04:13:29","date_gmt":"2017-11-21T04:13:29","guid":{"rendered":"https:\/\/diagnosticselite.com\/diagnostics-elite-services\/"},"modified":"2023-10-11T23:07:55","modified_gmt":"2023-10-11T23:07:55","slug":"nos-services","status":"publish","type":"page","link":"https:\/\/diagnosticselite.com\/fr\/nos-services\/","title":{"rendered":"Nos services"},"content":{"rendered":"<p>[vc_row full_width=\u00a0\u00bbstretch_row\u00a0\u00bb css=\u00a0\u00bb.vc_custom_1675025313155{margin-top: -45px !important;padding-top: 100px !important;padding-bottom: 50px !important;background: #004b6a url(https:\/\/diagnosticselite.com\/wp-content\/uploads\/2022\/12\/services-background.png?id=3641) !important;background-position: center !important;background-repeat: no-repeat !important;background-size: cover !important;}\u00a0\u00bb el_class=\u00a0\u00bbmobileMinus65&Prime;][vc_column][vc_row_inner][vc_column_inner width=\u00a0\u00bb1\/12&Prime;][\/vc_column_inner][vc_column_inner width=\u00a0\u00bb5\/6&Prime;][vc_custom_heading text=\u00a0\u00bbVOTRE TRANQUILLITE D&rsquo;ESPRIT EST TR\u00c8S IMPORTANTE POUR NOUS\u00a0\u00bb font_container=\u00a0\u00bbtag:h6|text_align:center|color:%23fefefe\u00a0\u00bb use_theme_fonts=\u00a0\u00bbyes\u00a0\u00bb][vc_empty_space height=\u00a0\u00bb10px\u00a0\u00bb][vc_custom_heading text=\u00a0\u00bbServices de t\u00e9l\u00e9radiologie adapt\u00e9s aux sp\u00e9cialit\u00e9s des \u00e9tablissements de sant\u00e9\u00a0\u00bb font_container=\u00a0\u00bbtag:h3|font_size:40px|text_align:center|color:%23ffffff\u00a0\u00bb use_theme_fonts=\u00a0\u00bbyes\u00a0\u00bb][vc_empty_space height=\u00a0\u00bb70px\u00a0\u00bb][\/vc_column_inner][vc_column_inner width=\u00a0\u00bb1\/12&Prime;][\/vc_column_inner][\/vc_row_inner]<ul class=\"iconlist iconlist iconlist-icon-medium \"><li ><div class=\"iconlist-item-icon\"><img decoding=\"async\" src=\"https:\/\/diagnosticselite.com\/wp-content\/uploads\/2022\/09\/Banner-1-1.png\" alt=\"Banner-1-1\" \/><span class=\"shapes\"><\/span><\/div><div class=\"iconlist-item-content\"><\/p>\n<h5 style=\"text-align: center\"><span style=\"color: #ffffff\"><a style=\"color: #ffffff\" href=\"#\">T\u00c9L\u00c9RADIOLOGIE<\/a><\/span><\/h5>\n<p style=\"text-align: center\"><span style=\"color: #ffffff\">Service de qualit\u00e9 disponible 24 heures sur 24, 7 jours sur 7, toute l&rsquo;ann\u00e9e<\/span><\/p>\n<p><\/div><\/li><li ><div class=\"iconlist-item-icon\"><img decoding=\"async\" src=\"https:\/\/diagnosticselite.com\/wp-content\/uploads\/2022\/09\/Banner-2.png\" alt=\"Banner-2\" \/><span class=\"shapes\"><\/span><\/div><div class=\"iconlist-item-content\"><\/p>\n<h5 style=\"text-align: center\"><span style=\"color: #ffffff\"><a style=\"color: #ffffff\" href=\"#\">CONNECTIVIT\u00c9<\/a><\/span><\/h5>\n<p style=\"text-align: center\"><span style=\"color: #ffffff\">Nous fournissons la totalit\u00e9 de la cha\u00eene r\u00e9seau, ainsi que le syst\u00e8me d\u2019information radiologique<\/span><\/p>\n<p><\/div><\/li><li ><div class=\"iconlist-item-icon\"><img decoding=\"async\" src=\"https:\/\/diagnosticselite.com\/wp-content\/uploads\/2022\/09\/Banner-3.png\" alt=\"Banner-3\" \/><span class=\"shapes\"><\/span><\/div><div class=\"iconlist-item-content\"><\/p>\n<h5 style=\"text-align: center\"><span style=\"color: #ffffff\"><a style=\"color: #ffffff\" href=\"#\">VISITES DE DIAGNOSTIC<\/a><\/span><\/h5>\n<p style=\"text-align: center\"><span style=\"color: #ffffff\">Nos visites de diagnostic nous permettent de mieux comprendre vos besoins pour vous proposer des solutions personnalis\u00e9es<\/span><\/p>\n<p><\/div><\/li><li ><div class=\"iconlist-item-icon\"><img decoding=\"async\" src=\"https:\/\/diagnosticselite.com\/wp-content\/uploads\/2022\/09\/Banner-4.png\" alt=\"Banner-4\" \/><span class=\"shapes\"><\/span><\/div><div class=\"iconlist-item-content\"><\/p>\n<h5 style=\"text-align: center\"><span style=\"color: #ffffff\"><a style=\"color: #ffffff\" href=\"#\">FORMATIONS<\/a><\/span><\/h5>\n<p style=\"text-align: center\"><span style=\"color: #ffffff\">Nous proposons des formations de haut niveau con\u00e7ues et dispens\u00e9es par nos radiologues<\/span><\/p>\n<p><\/div><\/li><\/ul>[vc_empty_space height=\u00a0\u00bb35px\u00a0\u00bb][vc_column_text]<\/p>\n<p style=\"text-align: center;\"><a class=\"button\" href=\"https:\/\/diagnosticselite.com\/fr\/teleradiologie\/\">D\u00e9couvrir plus<\/a><\/p>\n<p>[\/vc_column_text][\/vc_column][\/vc_row][vc_row full_width=\u00a0\u00bbstretch_row\u00a0\u00bb css=\u00a0\u00bb.vc_custom_1670962525665{padding-top: 40px !important;background-position: center !important;background-repeat: no-repeat !important;background-size: cover !important;}\u00a0\u00bb][vc_column][vc_custom_heading text=\u00a0\u00bbNos autres prestations\u00a0\u00bb font_container=\u00a0\u00bbtag:h3|font_size:30px|text_align:center\u00a0\u00bb use_theme_fonts=\u00a0\u00bbyes\u00a0\u00bb][vc_empty_space height=\u00a0\u00bb10px\u00a0\u00bb][vc_column_text]<\/p>\n<p style=\"text-align: center;\"><span style=\"color: #8d8ea3;\">Services complets de haute qualit\u00e9 \u00e0 des c\u00f4uts efficaces<\/span><\/p>\n<p>[\/vc_column_text][vc_empty_space height=\u00a0\u00bb50px\u00a0\u00bb][\/vc_column][\/vc_row][vc_row][vc_column]\t<!-- BEGIN: .projects -->\n\t<div class=\"projects projects-shortcode projects-masonry  \">\n\t\t<div class=\"projects-wrap\">\n\n\t\t\t\n\t\t\t\n\t\t\t<div class=\"projects-items\" data-grid=\"{&quot;itemSelector&quot;:&quot;.project&quot;}\" data-columns=\"1\">\n\n\t\t\t\t\t\t\t\t\t<!-- Project -->\n\t\t\t\t\t<div class=\"project post-32262 nproject type-nproject status-publish has-post-thumbnail hentry nproject-category-walaa-fr\">\n\t\t\t\t\t\t<div class=\"project-inner\">\n\t\t\t\t\t\t\t<figure class=\"project-thumbnail\">\n\t\t\t\t\t\t\t\t\t\t\t\t\t\t\t\t<a class=\"featured-image\" href=\"#\">\n\t\t\t\t\t\t\t\t \n\t\t\t\t\t\t\t\t\t<img loading=\"lazy\" decoding=\"async\" width=\"1680\" height=\"1121\" src=\"https:\/\/diagnosticselite.com\/wp-content\/uploads\/2023\/01\/diagnostics-elite-walaa-services.jpg\" class=\"attachment-full\" alt=\"\" srcset=\"https:\/\/diagnosticselite.com\/wp-content\/uploads\/2023\/01\/diagnostics-elite-walaa-services.jpg 1680w, https:\/\/diagnosticselite.com\/wp-content\/uploads\/2023\/01\/diagnostics-elite-walaa-services-600x400.jpg 600w, https:\/\/diagnosticselite.com\/wp-content\/uploads\/2023\/01\/diagnostics-elite-walaa-services-300x200.jpg 300w, https:\/\/diagnosticselite.com\/wp-content\/uploads\/2023\/01\/diagnostics-elite-walaa-services-1024x683.jpg 1024w, https:\/\/diagnosticselite.com\/wp-content\/uploads\/2023\/01\/diagnostics-elite-walaa-services-768x512.jpg 768w, https:\/\/diagnosticselite.com\/wp-content\/uploads\/2023\/01\/diagnostics-elite-walaa-services-1536x1025.jpg 1536w\" sizes=\"auto, (max-width: 1680px) 100vw, 1680px\" \/>\t\t\t\t\t\t\t\t<\/a>\n\t\t\t\t\t\t\t<\/figure>\n\n\t\t\t\t\t\t\t<div class=\"project-info\">\n\t\t\t\t\t\t\t\t<div class=\"project-info-inner\">\n\t\t\t\t\t\t\t\t\t<h2 class=\"project-title\" itemprop=\"name headline\">\n\t\t\t\t\t\t\t\t\t\t<a href=\"#\">\n\t\t\t\t\t\t\t\t\t\t\tWALAA\t\t\t\t\t\t\t\t\t\t<\/a>\n\t\t\t\t\t\t\t\t\t<\/h2>\n\n\t\t\t\t\t\t\t\t\t\t\t\t\t\t\t\t\t\t\t<div class=\"project-summary\">\n\t\t\t\t\t\t\t\t\t\t\t <p style=\"text-align: justify;\">Programme sp\u00e9cialis\u00e9 propos\u00e9 \u00e0 nos clients pour les aider \u00e0 atteindre efficacement et dans les temps leurs objectifs commerciaux.<\/p>\n<p style=\"text-align: justify;\"><a class=\"button\" href=\"https:\/\/diagnosticselite.com\/fr\/walaa\/\" target=\"_blank\" rel=\"noopener\">Plus de d\u00e9tails<\/a>&hellip;<\/p>\t\t\t\t\t\t\t\t\t\t<\/div>\n\t\t\t\t\t\t\t\t\t\n\t\t\t\t\t\t\t\t\t \n\t\t\t\t\t\t\t\t<\/div>\n\t\t\t\t\t\t\t<\/div>\n\t\t\t\t\t\t<\/div>\n\t\t\t\t\t<\/div>\n\t\t\t\t\t<!-- \/Project -->\n\n\t\t\t\t\t\t\t\t\n\t\t\t<\/div>\n\t\t<\/div>\n\t<\/div>\n\t<!-- END: .projects -->\n\t<!-- BEGIN: .projects -->\n\t<div class=\"projects projects-shortcode projects-masonry  \">\n\t\t<div class=\"projects-wrap\">\n\n\t\t\t\n\t\t\t\n\t\t\t<div class=\"projects-items\" data-grid=\"{&quot;itemSelector&quot;:&quot;.project&quot;}\" data-columns=\"1\">\n\n\t\t\t\t\t\t\t\t\t<!-- Project -->\n\t\t\t\t\t<div class=\"project post-32260 nproject type-nproject status-publish has-post-thumbnail hentry nproject-category-yosr-fr\">\n\t\t\t\t\t\t<div class=\"project-inner\">\n\t\t\t\t\t\t\t<figure class=\"project-thumbnail\">\n\t\t\t\t\t\t\t\t\t\t\t\t\t\t\t\t<a class=\"featured-image\" href=\"#\">\n\t\t\t\t\t\t\t\t \n\t\t\t\t\t\t\t\t\t<img loading=\"lazy\" decoding=\"async\" width=\"1680\" height=\"1121\" src=\"https:\/\/diagnosticselite.com\/wp-content\/uploads\/2022\/12\/diagnostics-elite-site-visit-services.jpg\" class=\"attachment-full\" alt=\"\" srcset=\"https:\/\/diagnosticselite.com\/wp-content\/uploads\/2022\/12\/diagnostics-elite-site-visit-services.jpg 1680w, https:\/\/diagnosticselite.com\/wp-content\/uploads\/2022\/12\/diagnostics-elite-site-visit-services-600x400.jpg 600w, https:\/\/diagnosticselite.com\/wp-content\/uploads\/2022\/12\/diagnostics-elite-site-visit-services-300x200.jpg 300w, https:\/\/diagnosticselite.com\/wp-content\/uploads\/2022\/12\/diagnostics-elite-site-visit-services-1024x683.jpg 1024w, https:\/\/diagnosticselite.com\/wp-content\/uploads\/2022\/12\/diagnostics-elite-site-visit-services-768x512.jpg 768w, https:\/\/diagnosticselite.com\/wp-content\/uploads\/2022\/12\/diagnostics-elite-site-visit-services-1536x1025.jpg 1536w\" sizes=\"auto, (max-width: 1680px) 100vw, 1680px\" \/>\t\t\t\t\t\t\t\t<\/a>\n\t\t\t\t\t\t\t<\/figure>\n\n\t\t\t\t\t\t\t<div class=\"project-info\">\n\t\t\t\t\t\t\t\t<div class=\"project-info-inner\">\n\t\t\t\t\t\t\t\t\t<h2 class=\"project-title\" itemprop=\"name headline\">\n\t\t\t\t\t\t\t\t\t\t<a href=\"#\">\n\t\t\t\t\t\t\t\t\t\t\tYOSR\t\t\t\t\t\t\t\t\t\t<\/a>\n\t\t\t\t\t\t\t\t\t<\/h2>\n\n\t\t\t\t\t\t\t\t\t\t\t\t\t\t\t\t\t\t\t<div class=\"project-summary\">\n\t\t\t\t\t\t\t\t\t\t\t <p style=\"text-align: justify;\">Diagnostics \u00c9lite offre une assistance compl\u00e8te \u00e0 ses clients touch\u00e9s par les r\u00e9percussions de la pand\u00e9mie, y compris les h\u00f4pitaux et les cliniques m\u00e9dicales, pour les accompagner \u00e0 surmonter leurs d\u00e9fis professionnels.<\/p>\n<p style=\"text-align: justify;\"><a class=\"button\" href=\"https:\/\/diagnosticselite.com\/fr\/yosr\/\" target=\"_blank\" rel=\"noopener\">Plus de d\u00e9tails<\/a>&hellip;<\/p>\t\t\t\t\t\t\t\t\t\t<\/div>\n\t\t\t\t\t\t\t\t\t\n\t\t\t\t\t\t\t\t\t \n\t\t\t\t\t\t\t\t<\/div>\n\t\t\t\t\t\t\t<\/div>\n\t\t\t\t\t\t<\/div>\n\t\t\t\t\t<\/div>\n\t\t\t\t\t<!-- \/Project -->\n\n\t\t\t\t\t\t\t\t\n\t\t\t<\/div>\n\t\t<\/div>\n\t<\/div>\n\t<!-- END: .projects -->\n\t<!-- BEGIN: .projects -->\n\t<div class=\"projects projects-shortcode projects-masonry  \">\n\t\t<div class=\"projects-wrap\">\n\n\t\t\t\n\t\t\t\n\t\t\t<div class=\"projects-items\" data-grid=\"{&quot;itemSelector&quot;:&quot;.project&quot;}\" data-columns=\"1\">\n\n\t\t\t\t\t\t\t\t\t<!-- Project -->\n\t\t\t\t\t<div class=\"project post-32258 nproject type-nproject status-publish has-post-thumbnail hentry nproject-category-formations\">\n\t\t\t\t\t\t<div class=\"project-inner\">\n\t\t\t\t\t\t\t<figure class=\"project-thumbnail\">\n\t\t\t\t\t\t\t\t\t\t\t\t\t\t\t\t<a class=\"featured-image\" href=\"#\">\n\t\t\t\t\t\t\t\t \n\t\t\t\t\t\t\t\t\t<img loading=\"lazy\" decoding=\"async\" width=\"1680\" height=\"1121\" src=\"https:\/\/diagnosticselite.com\/wp-content\/uploads\/2022\/12\/diagnostics-elite-education-services.jpg\" class=\"attachment-full\" alt=\"\" srcset=\"https:\/\/diagnosticselite.com\/wp-content\/uploads\/2022\/12\/diagnostics-elite-education-services.jpg 1680w, https:\/\/diagnosticselite.com\/wp-content\/uploads\/2022\/12\/diagnostics-elite-education-services-600x400.jpg 600w, https:\/\/diagnosticselite.com\/wp-content\/uploads\/2022\/12\/diagnostics-elite-education-services-300x200.jpg 300w, https:\/\/diagnosticselite.com\/wp-content\/uploads\/2022\/12\/diagnostics-elite-education-services-1024x683.jpg 1024w, https:\/\/diagnosticselite.com\/wp-content\/uploads\/2022\/12\/diagnostics-elite-education-services-768x512.jpg 768w, https:\/\/diagnosticselite.com\/wp-content\/uploads\/2022\/12\/diagnostics-elite-education-services-1536x1025.jpg 1536w\" sizes=\"auto, (max-width: 1680px) 100vw, 1680px\" \/>\t\t\t\t\t\t\t\t<\/a>\n\t\t\t\t\t\t\t<\/figure>\n\n\t\t\t\t\t\t\t<div class=\"project-info\">\n\t\t\t\t\t\t\t\t<div class=\"project-info-inner\">\n\t\t\t\t\t\t\t\t\t<h2 class=\"project-title\" itemprop=\"name headline\">\n\t\t\t\t\t\t\t\t\t\t<a href=\"#\">\n\t\t\t\t\t\t\t\t\t\t\tFORMATIONS\t\t\t\t\t\t\t\t\t\t<\/a>\n\t\t\t\t\t\t\t\t\t<\/h2>\n\n\t\t\t\t\t\t\t\t\t\t\t\t\t\t\t\t\t\t\t<div class=\"project-summary\">\n\t\t\t\t\t\t\t\t\t\t\t <p style=\"text-align: justify;\">Nous proposons des programmes de formations sp\u00e9cialis\u00e9es de haut niveau con\u00e7ues et dispens\u00e9es par nos radiologues.<\/p>\n<p style=\"text-align: justify;\"><a class=\"button\" href=\"https:\/\/diagnosticselite.com\/fr\/formations\/\" target=\"_blank\" rel=\"noopener\">Plus de d\u00e9tails<\/a>&hellip;<\/p>\t\t\t\t\t\t\t\t\t\t<\/div>\n\t\t\t\t\t\t\t\t\t\n\t\t\t\t\t\t\t\t\t \n\t\t\t\t\t\t\t\t<\/div>\n\t\t\t\t\t\t\t<\/div>\n\t\t\t\t\t\t<\/div>\n\t\t\t\t\t<\/div>\n\t\t\t\t\t<!-- \/Project -->\n\n\t\t\t\t\t\t\t\t\n\t\t\t<\/div>\n\t\t<\/div>\n\t<\/div>\n\t<!-- END: .projects -->\n\t<!-- BEGIN: .projects -->\n\t<div class=\"projects projects-shortcode projects-masonry  \">\n\t\t<div class=\"projects-wrap\">\n\n\t\t\t\n\t\t\t\n\t\t\t<div class=\"projects-items\" data-grid=\"{&quot;itemSelector&quot;:&quot;.project&quot;}\" data-columns=\"1\">\n\n\t\t\t\t\t\t\t\t\t<!-- Project -->\n\t\t\t\t\t<div class=\"project post-32252 nproject type-nproject status-publish has-post-thumbnail hentry nproject-category-relecture-dimagerie-medicale\">\n\t\t\t\t\t\t<div class=\"project-inner\">\n\t\t\t\t\t\t\t<figure class=\"project-thumbnail\">\n\t\t\t\t\t\t\t\t\t\t\t\t\t\t\t\t<a class=\"featured-image\" href=\"#\">\n\t\t\t\t\t\t\t\t \n\t\t\t\t\t\t\t\t\t<img loading=\"lazy\" decoding=\"async\" width=\"1680\" height=\"1121\" src=\"https:\/\/diagnosticselite.com\/wp-content\/uploads\/2022\/12\/diagnostics-elite-teleradiology-services.jpg\" class=\"attachment-full\" alt=\"\" srcset=\"https:\/\/diagnosticselite.com\/wp-content\/uploads\/2022\/12\/diagnostics-elite-teleradiology-services.jpg 1680w, https:\/\/diagnosticselite.com\/wp-content\/uploads\/2022\/12\/diagnostics-elite-teleradiology-services-600x400.jpg 600w, https:\/\/diagnosticselite.com\/wp-content\/uploads\/2022\/12\/diagnostics-elite-teleradiology-services-300x200.jpg 300w, https:\/\/diagnosticselite.com\/wp-content\/uploads\/2022\/12\/diagnostics-elite-teleradiology-services-1024x683.jpg 1024w, https:\/\/diagnosticselite.com\/wp-content\/uploads\/2022\/12\/diagnostics-elite-teleradiology-services-768x512.jpg 768w, https:\/\/diagnosticselite.com\/wp-content\/uploads\/2022\/12\/diagnostics-elite-teleradiology-services-1536x1025.jpg 1536w\" sizes=\"auto, (max-width: 1680px) 100vw, 1680px\" \/>\t\t\t\t\t\t\t\t<\/a>\n\t\t\t\t\t\t\t<\/figure>\n\n\t\t\t\t\t\t\t<div class=\"project-info\">\n\t\t\t\t\t\t\t\t<div class=\"project-info-inner\">\n\t\t\t\t\t\t\t\t\t<h2 class=\"project-title\" itemprop=\"name headline\">\n\t\t\t\t\t\t\t\t\t\t<a href=\"#\">\n\t\t\t\t\t\t\t\t\t\t\tRELECTURE D&rsquo;IMAGERIE MEDICALE\t\t\t\t\t\t\t\t\t\t<\/a>\n\t\t\t\t\t\t\t\t\t<\/h2>\n\n\t\t\t\t\t\t\t\t\t\t\t\t\t\t\t\t\t\t\t<div class=\"project-summary\">\n\t\t\t\t\t\t\t\t\t\t\t <p style=\"text-align: justify;\">Avez-vous besoin d\u2019un deuxi\u00e8me avis sur votre diagnostic? Nos sp\u00e9cialistes se feront un plaisir de vous aider sur la base des connaissances m\u00e9dicales les plus r\u00e9centes.<\/p>\n<p style=\"text-align: justify;\"><a class=\"button\" href=\"https:\/\/diagnosticselite.com\/fr\/relecture-dimagerie-medicale\/\" target=\"_blank\" rel=\"noopener\">Commencez maintenant<\/a>&hellip;<\/p>\t\t\t\t\t\t\t\t\t\t<\/div>\n\t\t\t\t\t\t\t\t\t\n\t\t\t\t\t\t\t\t\t \n\t\t\t\t\t\t\t\t<\/div>\n\t\t\t\t\t\t\t<\/div>\n\t\t\t\t\t\t<\/div>\n\t\t\t\t\t<\/div>\n\t\t\t\t\t<!-- \/Project -->\n\n\t\t\t\t\t\t\t\t\n\t\t\t<\/div>\n\t\t<\/div>\n\t<\/div>\n\t<!-- END: .projects -->\n[\/vc_column][\/vc_row]<\/p>\n","protected":false},"excerpt":{"rendered":"<p style=\"text-align: justify;\">Avez-vous besoin d\u2019un deuxi\u00e8me avis sur votre diagnostic? Nos sp\u00e9cialistes se feront un plaisir de vous aider sur la base des connaissances m\u00e9dicales les plus r\u00e9centes.<\/p>\n<p style=\"text-align: justify;\"><a class=\"button\" href=\"https:\/\/diagnosticselite.com\/fr\/relecture-dimagerie-medicale\/\" target=\"_blank\" rel=\"noopener\">Commencez maintenant<\/a>&hellip;<\/p>","protected":false},"author":5,"featured_media":0,"parent":0,"menu_order":0,"comment_status":"closed","ping_status":"closed","template":"","meta":{"_joinchat":[],"footnotes":""},"class_list":["post-30328","page","type-page","status-publish","hentry"],"_links":{"self":[{"href":"https:\/\/diagnosticselite.com\/fr\/wp-json\/wp\/v2\/pages\/30328","targetHints":{"allow":["GET"]}}],"collection":[{"href":"https:\/\/diagnosticselite.com\/fr\/wp-json\/wp\/v2\/pages"}],"about":[{"href":"https:\/\/diagnosticselite.com\/fr\/wp-json\/wp\/v2\/types\/page"}],"author":[{"embeddable":true,"href":"https:\/\/diagnosticselite.com\/fr\/wp-json\/wp\/v2\/users\/5"}],"replies":[{"embeddable":true,"href":"https:\/\/diagnosticselite.com\/fr\/wp-json\/wp\/v2\/comments?post=30328"}],"version-history":[{"count":5,"href":"https:\/\/diagnosticselite.com\/fr\/wp-json\/wp\/v2\/pages\/30328\/revisions"}],"predecessor-version":[{"id":32322,"href":"https:\/\/diagnosticselite.com\/fr\/wp-json\/wp\/v2\/pages\/30328\/revisions\/32322"}],"wp:attachment":[{"href":"https:\/\/diagnosticselite.com\/fr\/wp-json\/wp\/v2\/media?parent=30328"}],"curies":[{"name":"wp","href":"https:\/\/api.w.org\/{rel}","templated":true}]}}